{"id":971,"date":"2019-07-11T17:17:57","date_gmt":"2019-07-11T15:17:57","guid":{"rendered":"http:\/\/ais-info.org\/blog\/"},"modified":"2021-04-20T15:46:21","modified_gmt":"2021-04-20T13:46:21","slug":"noticies","status":"publish","type":"page","link":"https:\/\/ais-info.org\/ca\/noticies\/","title":{"rendered":"Not\u00edcies"},"content":{"rendered":"<div class=\"wpb-content-wrapper\">[vc_row full_width=&#8221;stretch_row&#8221; remove_bottom_col_margin=&#8221;true&#8221; css=&#8221;.vc_custom_1568049905231{background-position: center !important;background-repeat: no-repeat !important;background-size: cover !important;}&#8221; min_height=&#8221;400px&#8221;][vc_column]<style>.vcex-blog-grid-wrap.vcex_69e328f460e49 .entry-title{color:#0cb8b6;font-size:24px;font-weight:700;}<\/style><div class=\"vcex-module vcex-blog-grid-wrap wpex-clr vcex_69e328f460e49\"><div class=\"wpex-row vcex-blog-grid wpex-clr entries match-height-grid\"><div class=\"vcex-blog-entry vcex-grid-item entry-has-details span_1_of_2 col-1 col entry post-2369 type-post has-media cat-81 cat-49 cat-261 cat-262 cat-263 post_tag-29 post_tag-20 post_tag-260 post_tag-340 post_tag-333 post_tag-126 translation_priority-42\"><div class=\"vcex-blog-entry-inner entry-inner wpex-first-mt-0 wpex-last-mb-0 wpex-clr\"><div class=\"vcex-blog-entry-media entry-media wpex-relative\"><a href=\"https:\/\/ais-info.org\/ca\/participacio-en-la-39a-jornada-de-terapia-de-la-conducta-i-medicina-comportamental-en-la-practica-clinica\/\" title=\"Participaci\u00f3 en la 39a Jornada de Ter\u00e0pia de la Conducta i Medicina Comportamental en la Pr\u00e0ctica Cl\u00ednica\"><img width=\"1187\" height=\"298\" src=\"https:\/\/ais-info.org\/wp-content\/uploads\/2026\/04\/banner-noticia.jpg\" class=\"vcex-blog-entry-img wpex-align-middle\" alt=\"\" loading=\"lazy\" decoding=\"async\" srcset=\"https:\/\/ais-info.org\/wp-content\/uploads\/2026\/04\/banner-noticia.jpg 1187w, https:\/\/ais-info.org\/wp-content\/uploads\/2026\/04\/banner-noticia-300x75.jpg 300w, https:\/\/ais-info.org\/wp-content\/uploads\/2026\/04\/banner-noticia-1024x257.jpg 1024w, https:\/\/ais-info.org\/wp-content\/uploads\/2026\/04\/banner-noticia-768x193.jpg 768w\" sizes=\"auto, (max-width: 1187px) 100vw, 1187px\" \/><\/a><\/div><div class=\"vcex-blog-entry-details entry-details wpex-bordered wpex-first-mt-0 wpex-last-mb-0 wpex-clr\"><div class=\"match-height-content\"><h5 class=\"vcex-blog-entry-title entry-title wpex-mb-5 wpex-child-inherit-color\"><a href=\"https:\/\/ais-info.org\/ca\/participacio-en-la-39a-jornada-de-terapia-de-la-conducta-i-medicina-comportamental-en-la-practica-clinica\/\">Participaci\u00f3 en la 39a Jornada de Ter\u00e0pia de la Conducta i Medicina Comportamental en la Pr\u00e0ctica Cl\u00ednica<\/a><\/h5><div class=\"vcex-blog-entry-excerpt entry-excerpt wpex-my-15 wpex-text-pretty wpex-last-mb-0 wpex-clr\"><p>L'equip d'AIS va participar en la 39a Jornada de Ter\u00e0pia de la Conducta i Medicina Comportamental en la Pr\u00e0ctica Cl\u00ednica&hellip;<\/p><\/div><div class=\"vcex-blog-entry-readmore-wrap entry-readmore-wrap wpex-my-15 wpex-clr\"><a href=\"https:\/\/ais-info.org\/ca\/participacio-en-la-39a-jornada-de-terapia-de-la-conducta-i-medicina-comportamental-en-la-practica-clinica\/\" class=\"entry-readmore theme-button\" aria-label=\"Llegir m\u00e9s about Participaci\u00f3 en la 39a Jornada de Ter\u00e0pia de la Conducta i Medicina Comportamental en la Pr\u00e0ctica Cl\u00ednica\">Llegir m\u00e9s<\/a><\/div><\/div><\/div><\/div><\/div><div class=\"vcex-blog-entry vcex-grid-item entry-has-details span_1_of_2 col-2 col entry post-2343 type-post has-media cat-151 cat-303 cat-301 cat-87 cat-174 post_tag-106 post_tag-32 translation_priority-42\"><div class=\"vcex-blog-entry-inner entry-inner wpex-first-mt-0 wpex-last-mb-0 wpex-clr\"><div class=\"vcex-blog-entry-media entry-media wpex-relative\"><a href=\"https:\/\/ais-info.org\/ca\/projecte-subvencionat-per-la-diputacio-de-barcelona-2\/\" title=\"Projecte subvencionat per la Diputaci\u00f3 de Barcelona\"><img width=\"800\" height=\"344\" src=\"https:\/\/ais-info.org\/wp-content\/uploads\/2025\/07\/Diputacio.png\" class=\"vcex-blog-entry-img wpex-align-middle\" alt=\"\" loading=\"lazy\" decoding=\"async\" srcset=\"https:\/\/ais-info.org\/wp-content\/uploads\/2025\/07\/Diputacio.png 800w, https:\/\/ais-info.org\/wp-content\/uploads\/2025\/07\/Diputacio-300x129.png 300w, https:\/\/ais-info.org\/wp-content\/uploads\/2025\/07\/Diputacio-768x330.png 768w\" sizes=\"auto, (max-width: 800px) 100vw, 800px\" \/><\/a><\/div><div class=\"vcex-blog-entry-details entry-details wpex-bordered wpex-first-mt-0 wpex-last-mb-0 wpex-clr\"><div class=\"match-height-content\"><h5 class=\"vcex-blog-entry-title entry-title wpex-mb-5 wpex-child-inherit-color\"><a href=\"https:\/\/ais-info.org\/ca\/projecte-subvencionat-per-la-diputacio-de-barcelona-2\/\">Projecte subvencionat per la Diputaci\u00f3 de Barcelona<\/a><\/h5><div class=\"vcex-blog-entry-excerpt entry-excerpt wpex-my-15 wpex-text-pretty wpex-last-mb-0 wpex-clr\"><p>AIS va rebre recentment financiaci\u00f3 parcial per par de la\u00a0Diputaci\u00f3 de Barcelona\u00a0per a la realitzaci\u00f3 del projecte de continu\u00eftat: \u00a0\u00abPrograma&hellip;<\/p><\/div><div class=\"vcex-blog-entry-readmore-wrap entry-readmore-wrap wpex-my-15 wpex-clr\"><a href=\"https:\/\/ais-info.org\/ca\/projecte-subvencionat-per-la-diputacio-de-barcelona-2\/\" class=\"entry-readmore theme-button\" aria-label=\"Llegir m\u00e9s about Projecte subvencionat per la Diputaci\u00f3 de Barcelona\">Llegir m\u00e9s<\/a><\/div><\/div><\/div><\/div><\/div><div class=\"vcex-blog-entry vcex-grid-item entry-has-details span_1_of_2 col-1 col entry post-2331 type-post has-media cat-151 cat-87 cat-174 cat-40 post_tag-8 post_tag-29 post_tag-112 translation_priority-42\"><div class=\"vcex-blog-entry-inner entry-inner wpex-first-mt-0 wpex-last-mb-0 wpex-clr\"><div class=\"vcex-blog-entry-media entry-media wpex-relative\"><a href=\"https:\/\/ais-info.org\/ca\/projectes-subvencionats-pel-departament-de-drets-socials\/\" title=\"Projectes subvencionats pel Departament de Drets Socials\"><img width=\"640\" height=\"227\" src=\"https:\/\/ais-info.org\/wp-content\/uploads\/2025\/07\/bd08dd84-ad69-40b5-927c-013894c0dd2e_alta-libre-aspect-ratio_640w_0.png\" class=\"vcex-blog-entry-img wpex-align-middle\" alt=\"\" loading=\"lazy\" decoding=\"async\" srcset=\"https:\/\/ais-info.org\/wp-content\/uploads\/2025\/07\/bd08dd84-ad69-40b5-927c-013894c0dd2e_alta-libre-aspect-ratio_640w_0.png 640w, https:\/\/ais-info.org\/wp-content\/uploads\/2025\/07\/bd08dd84-ad69-40b5-927c-013894c0dd2e_alta-libre-aspect-ratio_640w_0-300x106.png 300w\" sizes=\"auto, (max-width: 640px) 100vw, 640px\" \/><\/a><\/div><div class=\"vcex-blog-entry-details entry-details wpex-bordered wpex-first-mt-0 wpex-last-mb-0 wpex-clr\"><div class=\"match-height-content\"><h5 class=\"vcex-blog-entry-title entry-title wpex-mb-5 wpex-child-inherit-color\"><a href=\"https:\/\/ais-info.org\/ca\/projectes-subvencionats-pel-departament-de-drets-socials\/\">Projectes subvencionats pel Departament de Drets Socials<\/a><\/h5><div class=\"vcex-blog-entry-excerpt entry-excerpt wpex-my-15 wpex-text-pretty wpex-last-mb-0 wpex-clr\"><p>AIS ha rebut recentment finan\u00e7ament parcial per part del\u00a0Departament de Drets Socials de la Generalitat de Catalunya, per a la&hellip;<\/p><\/div><div class=\"vcex-blog-entry-readmore-wrap entry-readmore-wrap wpex-my-15 wpex-clr\"><a href=\"https:\/\/ais-info.org\/ca\/projectes-subvencionats-pel-departament-de-drets-socials\/\" class=\"entry-readmore theme-button\" aria-label=\"Llegir m\u00e9s about Projectes subvencionats pel Departament de Drets Socials\">Llegir m\u00e9s<\/a><\/div><\/div><\/div><\/div><\/div><div class=\"vcex-blog-entry vcex-grid-item entry-has-details span_1_of_2 col-2 col entry post-2287 type-post has-media cat-151 cat-303 cat-192 cat-276 cat-275 cat-274 cat-302 cat-87 cat-174 cat-40 post_tag-8 post_tag-29 post_tag-32 translation_priority-42\"><div class=\"vcex-blog-entry-inner entry-inner wpex-first-mt-0 wpex-last-mb-0 wpex-clr\"><div class=\"vcex-blog-entry-media entry-media wpex-relative\"><a href=\"https:\/\/ais-info.org\/ca\/projectes-subvencionats-per-lajuntament-de-barcelona-2\/\" title=\"Projectes subvencionats per l\u2019Ajuntament de Barcelona\"><img width=\"1238\" height=\"333\" src=\"https:\/\/ais-info.org\/wp-content\/uploads\/2025\/05\/portada.png\" class=\"vcex-blog-entry-img wpex-align-middle\" alt=\"\" loading=\"lazy\" decoding=\"async\" srcset=\"https:\/\/ais-info.org\/wp-content\/uploads\/2025\/05\/portada.png 1238w, https:\/\/ais-info.org\/wp-content\/uploads\/2025\/05\/portada-300x81.png 300w, https:\/\/ais-info.org\/wp-content\/uploads\/2025\/05\/portada-1024x275.png 1024w, https:\/\/ais-info.org\/wp-content\/uploads\/2025\/05\/portada-768x207.png 768w\" sizes=\"auto, (max-width: 1238px) 100vw, 1238px\" \/><\/a><\/div><div class=\"vcex-blog-entry-details entry-details wpex-bordered wpex-first-mt-0 wpex-last-mb-0 wpex-clr\"><div class=\"match-height-content\"><h5 class=\"vcex-blog-entry-title entry-title wpex-mb-5 wpex-child-inherit-color\"><a href=\"https:\/\/ais-info.org\/ca\/projectes-subvencionats-per-lajuntament-de-barcelona-2\/\">Projectes subvencionats per l\u2019Ajuntament de Barcelona<\/a><\/h5><div class=\"vcex-blog-entry-excerpt entry-excerpt wpex-my-15 wpex-text-pretty wpex-last-mb-0 wpex-clr\"><p>Un any m\u00e9s, AIS ha rebut recentment finan\u00e7ament parcial per part de l'Ajuntament de Barcelona, per a la realitzaci\u00f3 dels&hellip;<\/p><\/div><div class=\"vcex-blog-entry-readmore-wrap entry-readmore-wrap wpex-my-15 wpex-clr\"><a href=\"https:\/\/ais-info.org\/ca\/projectes-subvencionats-per-lajuntament-de-barcelona-2\/\" class=\"entry-readmore theme-button\" aria-label=\"Llegir m\u00e9s about Projectes subvencionats per l\u2019Ajuntament de Barcelona\">Llegir m\u00e9s<\/a><\/div><\/div><\/div><\/div><\/div><div class=\"vcex-blog-entry vcex-grid-item entry-has-details span_1_of_2 col-1 col entry post-2261 type-post has-media cat-341 cat-150 cat-149 post_tag-280 post_tag-358 post_tag-355 post_tag-359 post_tag-357 post_tag-360 post_tag-356 post_tag-361 translation_priority-42\"><div class=\"vcex-blog-entry-inner entry-inner wpex-first-mt-0 wpex-last-mb-0 wpex-clr\"><div class=\"vcex-blog-entry-media entry-media wpex-relative\"><a href=\"https:\/\/ais-info.org\/ca\/grup-de-suport-psicosocial-a-dones-que-viuen-o-han-viscut-violencia-de-genere-sants-montjuic\/\" title=\"Grup de suport psicosocial a dones que viuen o han viscut viol\u00e8ncia de g\u00e8nere Sants-Montju\u00efc\"><img width=\"1068\" height=\"608\" src=\"https:\/\/ais-info.org\/wp-content\/uploads\/2025\/02\/Capcelera.jpg\" class=\"vcex-blog-entry-img wpex-align-middle\" alt=\"\" loading=\"lazy\" decoding=\"async\" srcset=\"https:\/\/ais-info.org\/wp-content\/uploads\/2025\/02\/Capcelera.jpg 1068w, https:\/\/ais-info.org\/wp-content\/uploads\/2025\/02\/Capcelera-300x171.jpg 300w, https:\/\/ais-info.org\/wp-content\/uploads\/2025\/02\/Capcelera-1024x583.jpg 1024w, https:\/\/ais-info.org\/wp-content\/uploads\/2025\/02\/Capcelera-768x437.jpg 768w\" sizes=\"auto, (max-width: 1068px) 100vw, 1068px\" \/><\/a><\/div><div class=\"vcex-blog-entry-details entry-details wpex-bordered wpex-first-mt-0 wpex-last-mb-0 wpex-clr\"><div class=\"match-height-content\"><h5 class=\"vcex-blog-entry-title entry-title wpex-mb-5 wpex-child-inherit-color\"><a href=\"https:\/\/ais-info.org\/ca\/grup-de-suport-psicosocial-a-dones-que-viuen-o-han-viscut-violencia-de-genere-sants-montjuic\/\">Grup de suport psicosocial a dones que viuen o han viscut viol\u00e8ncia de g\u00e8nere Sants-Montju\u00efc<\/a><\/h5><div class=\"vcex-blog-entry-excerpt entry-excerpt wpex-my-15 wpex-text-pretty wpex-last-mb-0 wpex-clr\"><p>Els equips de Serveis Socials B\u00e0sics del districte de Sants-Montju\u00efc iniciaran en breu l'onzena edici\u00f3 de la intervenci\u00f3 grupal amb&hellip;<\/p><\/div><div class=\"vcex-blog-entry-readmore-wrap entry-readmore-wrap wpex-my-15 wpex-clr\"><a href=\"https:\/\/ais-info.org\/ca\/grup-de-suport-psicosocial-a-dones-que-viuen-o-han-viscut-violencia-de-genere-sants-montjuic\/\" class=\"entry-readmore theme-button\" aria-label=\"Llegir m\u00e9s about Grup de suport psicosocial a dones que viuen o han viscut viol\u00e8ncia de g\u00e8nere Sants-Montju\u00efc\">Llegir m\u00e9s<\/a><\/div><\/div><\/div><\/div><\/div><div class=\"vcex-blog-entry vcex-grid-item entry-has-details span_1_of_2 col-2 col entry post-2236 type-post has-media cat-276 cat-261 cat-262 cat-263 post_tag-346 post_tag-348 post_tag-347 post_tag-333 post_tag-126 translation_priority-42\"><div class=\"vcex-blog-entry-inner entry-inner wpex-first-mt-0 wpex-last-mb-0 wpex-clr\"><div class=\"vcex-blog-entry-media entry-media wpex-relative\"><a href=\"https:\/\/ais-info.org\/ca\/la-docu-serie-el-minuto-heroico-yo-deje-el-opus-dei-a-max-comptara-amb-la-presencia-dais\/\" title=\"La docu-s\u00e8rie &#8220;El Minuto Heroico: Yo Dej\u00e9 el OPUS DEI&#8221; a MAX comptar\u00e0 amb la pres\u00e8ncia d&#8217;AIS\"><img width=\"934\" height=\"332\" src=\"https:\/\/ais-info.org\/wp-content\/uploads\/2025\/01\/Port-Not-Minu-her.png\" class=\"vcex-blog-entry-img wpex-align-middle\" alt=\"\" loading=\"lazy\" decoding=\"async\" srcset=\"https:\/\/ais-info.org\/wp-content\/uploads\/2025\/01\/Port-Not-Minu-her.png 934w, https:\/\/ais-info.org\/wp-content\/uploads\/2025\/01\/Port-Not-Minu-her-300x107.png 300w, https:\/\/ais-info.org\/wp-content\/uploads\/2025\/01\/Port-Not-Minu-her-768x273.png 768w\" sizes=\"auto, (max-width: 934px) 100vw, 934px\" \/><\/a><\/div><div class=\"vcex-blog-entry-details entry-details wpex-bordered wpex-first-mt-0 wpex-last-mb-0 wpex-clr\"><div class=\"match-height-content\"><h5 class=\"vcex-blog-entry-title entry-title wpex-mb-5 wpex-child-inherit-color\"><a href=\"https:\/\/ais-info.org\/ca\/la-docu-serie-el-minuto-heroico-yo-deje-el-opus-dei-a-max-comptara-amb-la-presencia-dais\/\">La docu-s\u00e8rie &#8220;El Minuto Heroico: Yo Dej\u00e9 el OPUS DEI&#8221; a MAX comptar\u00e0 amb la pres\u00e8ncia d&#8217;AIS<\/a><\/h5><div class=\"vcex-blog-entry-excerpt entry-excerpt wpex-my-15 wpex-text-pretty wpex-last-mb-0 wpex-clr\"><p>La plataforma de streaming MAX estrenar\u00e0 el divendres 7 de febrer\u00a0 EL MINUTO HEROICO: YO DEJ\u00c9 EL OPUS DEI, que&hellip;<\/p><\/div><div class=\"vcex-blog-entry-readmore-wrap entry-readmore-wrap wpex-my-15 wpex-clr\"><a href=\"https:\/\/ais-info.org\/ca\/la-docu-serie-el-minuto-heroico-yo-deje-el-opus-dei-a-max-comptara-amb-la-presencia-dais\/\" class=\"entry-readmore theme-button\" aria-label=\"Llegir m\u00e9s about La docu-s\u00e8rie &#8220;El Minuto Heroico: Yo Dej\u00e9 el OPUS DEI&#8221; a MAX comptar\u00e0 amb la pres\u00e8ncia d&#8217;AIS\">Llegir m\u00e9s<\/a><\/div><\/div><\/div><\/div><\/div><div class=\"vcex-blog-entry vcex-grid-item entry-has-details span_1_of_2 col-1 col entry post-2224 type-post has-media cat-151 cat-303 cat-302 cat-301 cat-170 post_tag-109 post_tag-143 post_tag-328 post_tag-345 translation_priority-42\"><div class=\"vcex-blog-entry-inner entry-inner wpex-first-mt-0 wpex-last-mb-0 wpex-clr\"><div class=\"vcex-blog-entry-media entry-media wpex-relative\"><a href=\"https:\/\/ais-info.org\/ca\/participacio-dais-en-el-programa-en-portada-de-rtve\/\" title=\"Participaci\u00f3 d&#8217;AIS en el programa En Portada de RTVE\"><img width=\"1165\" height=\"374\" src=\"https:\/\/ais-info.org\/wp-content\/uploads\/2024\/11\/en-portada.png\" class=\"vcex-blog-entry-img wpex-align-middle\" alt=\"\" loading=\"lazy\" decoding=\"async\" srcset=\"https:\/\/ais-info.org\/wp-content\/uploads\/2024\/11\/en-portada.png 1165w, https:\/\/ais-info.org\/wp-content\/uploads\/2024\/11\/en-portada-300x96.png 300w, https:\/\/ais-info.org\/wp-content\/uploads\/2024\/11\/en-portada-1024x329.png 1024w, https:\/\/ais-info.org\/wp-content\/uploads\/2024\/11\/en-portada-768x247.png 768w\" sizes=\"auto, (max-width: 1165px) 100vw, 1165px\" \/><\/a><\/div><div class=\"vcex-blog-entry-details entry-details wpex-bordered wpex-first-mt-0 wpex-last-mb-0 wpex-clr\"><div class=\"match-height-content\"><h5 class=\"vcex-blog-entry-title entry-title wpex-mb-5 wpex-child-inherit-color\"><a href=\"https:\/\/ais-info.org\/ca\/participacio-dais-en-el-programa-en-portada-de-rtve\/\">Participaci\u00f3 d&#8217;AIS en el programa En Portada de RTVE<\/a><\/h5><div class=\"vcex-blog-entry-excerpt entry-excerpt wpex-my-15 wpex-text-pretty wpex-last-mb-0 wpex-clr\"><p>El passat dimecres 20 de novembre es va emetre el cap\u00edtol \"Desconectados\"\u00a0 del programa En Portada de Radiotelevisi\u00f3 Espanyola. En&hellip;<\/p><\/div><div class=\"vcex-blog-entry-readmore-wrap entry-readmore-wrap wpex-my-15 wpex-clr\"><a href=\"https:\/\/ais-info.org\/ca\/participacio-dais-en-el-programa-en-portada-de-rtve\/\" class=\"entry-readmore theme-button\" aria-label=\"Llegir m\u00e9s about Participaci\u00f3 d&#8217;AIS en el programa En Portada de RTVE\">Llegir m\u00e9s<\/a><\/div><\/div><\/div><\/div><\/div><div class=\"vcex-blog-entry vcex-grid-item entry-has-details span_1_of_2 col-2 col entry post-2193 type-post has-media cat-49 cat-341 cat-150 post_tag-16 post_tag-26 post_tag-260 post_tag-340 translation_priority-42\"><div class=\"vcex-blog-entry-inner entry-inner wpex-first-mt-0 wpex-last-mb-0 wpex-clr\"><div class=\"vcex-blog-entry-media entry-media wpex-relative\"><a href=\"https:\/\/ais-info.org\/ca\/2193\/\" title=\"Depend\u00e8ncia Emocional als Di\u00e0legs sobre el Comportament Hum\u00e0 de Verges\"><img width=\"1131\" height=\"326\" src=\"https:\/\/ais-info.org\/wp-content\/uploads\/2024\/10\/portada-2.png\" class=\"vcex-blog-entry-img wpex-align-middle\" alt=\"\" loading=\"lazy\" decoding=\"async\" srcset=\"https:\/\/ais-info.org\/wp-content\/uploads\/2024\/10\/portada-2.png 1131w, https:\/\/ais-info.org\/wp-content\/uploads\/2024\/10\/portada-2-300x86.png 300w, https:\/\/ais-info.org\/wp-content\/uploads\/2024\/10\/portada-2-1024x295.png 1024w, https:\/\/ais-info.org\/wp-content\/uploads\/2024\/10\/portada-2-768x221.png 768w\" sizes=\"auto, (max-width: 1131px) 100vw, 1131px\" \/><\/a><\/div><div class=\"vcex-blog-entry-details entry-details wpex-bordered wpex-first-mt-0 wpex-last-mb-0 wpex-clr\"><div class=\"match-height-content\"><h5 class=\"vcex-blog-entry-title entry-title wpex-mb-5 wpex-child-inherit-color\"><a href=\"https:\/\/ais-info.org\/ca\/2193\/\">Depend\u00e8ncia Emocional als Di\u00e0legs sobre el Comportament Hum\u00e0 de Verges<\/a><\/h5><div class=\"vcex-blog-entry-excerpt entry-excerpt wpex-my-15 wpex-text-pretty wpex-last-mb-0 wpex-clr\"><p>El pr\u00f3ximo jueves 24 de octubre a las 8 de la tarde, vuelve el ciclo \"Di\u00e1logos sobre el comportamiento humano\"&hellip;<\/p><\/div><div class=\"vcex-blog-entry-readmore-wrap entry-readmore-wrap wpex-my-15 wpex-clr\"><a href=\"https:\/\/ais-info.org\/ca\/2193\/\" class=\"entry-readmore theme-button\" aria-label=\"Llegir m\u00e9s about Depend\u00e8ncia Emocional als Di\u00e0legs sobre el Comportament Hum\u00e0 de Verges\">Llegir m\u00e9s<\/a><\/div><\/div><\/div><\/div><\/div><div class=\"vcex-blog-entry vcex-grid-item entry-has-details span_1_of_2 col-1 col entry post-2151 type-post has-media cat-151 cat-303 cat-81 cat-150 cat-149 cat-301 post_tag-323 post_tag-204 post_tag-203 post_tag-329 translation_priority-42\"><div class=\"vcex-blog-entry-inner entry-inner wpex-first-mt-0 wpex-last-mb-0 wpex-clr\"><div class=\"vcex-blog-entry-media entry-media wpex-relative\"><a href=\"https:\/\/ais-info.org\/ca\/participacio-en-la-33a-escola-destiu-de-la-diputacio-de-barcelona\/\" title=\"Participaci\u00f3 a la 33a Escola d&#8217;Estiu de la Diputaci\u00f3 de Barcelona\"><img width=\"1206\" height=\"340\" src=\"https:\/\/ais-info.org\/wp-content\/uploads\/2024\/07\/cabecera-noricia.png\" class=\"vcex-blog-entry-img wpex-align-middle\" alt=\"\" loading=\"lazy\" decoding=\"async\" srcset=\"https:\/\/ais-info.org\/wp-content\/uploads\/2024\/07\/cabecera-noricia.png 1206w, https:\/\/ais-info.org\/wp-content\/uploads\/2024\/07\/cabecera-noricia-300x85.png 300w, https:\/\/ais-info.org\/wp-content\/uploads\/2024\/07\/cabecera-noricia-1024x289.png 1024w, https:\/\/ais-info.org\/wp-content\/uploads\/2024\/07\/cabecera-noricia-768x217.png 768w\" sizes=\"auto, (max-width: 1206px) 100vw, 1206px\" \/><\/a><\/div><div class=\"vcex-blog-entry-details entry-details wpex-bordered wpex-first-mt-0 wpex-last-mb-0 wpex-clr\"><div class=\"match-height-content\"><h5 class=\"vcex-blog-entry-title entry-title wpex-mb-5 wpex-child-inherit-color\"><a href=\"https:\/\/ais-info.org\/ca\/participacio-en-la-33a-escola-destiu-de-la-diputacio-de-barcelona\/\">Participaci\u00f3 a la 33a Escola d&#8217;Estiu de la Diputaci\u00f3 de Barcelona<\/a><\/h5><div class=\"vcex-blog-entry-excerpt entry-excerpt wpex-my-15 wpex-text-pretty wpex-last-mb-0 wpex-clr\"><p>El passat 2 de juliol, l'equip d'AIS va participar en la 33a edici\u00f3 de l'Escola d'Estiu de la Diputaci\u00f3 de&hellip;<\/p><\/div><div class=\"vcex-blog-entry-readmore-wrap entry-readmore-wrap wpex-my-15 wpex-clr\"><a href=\"https:\/\/ais-info.org\/ca\/participacio-en-la-33a-escola-destiu-de-la-diputacio-de-barcelona\/\" class=\"entry-readmore theme-button\" aria-label=\"Llegir m\u00e9s about Participaci\u00f3 a la 33a Escola d&#8217;Estiu de la Diputaci\u00f3 de Barcelona\">Llegir m\u00e9s<\/a><\/div><\/div><\/div><\/div><\/div><div class=\"vcex-blog-entry vcex-grid-item entry-has-details span_1_of_2 col-2 col entry post-2138 type-post has-media cat-151 cat-81 cat-49 cat-150 cat-261 cat-262 cat-263 cat-40 post_tag-20 post_tag-35 post_tag-126 translation_priority-42\"><div class=\"vcex-blog-entry-inner entry-inner wpex-first-mt-0 wpex-last-mb-0 wpex-clr\"><div class=\"vcex-blog-entry-media entry-media wpex-relative\"><a href=\"https:\/\/ais-info.org\/ca\/presencia-en-el-congres-icsa-2024-sobre-secta-coercitives\/\" title=\"Pres\u00e8ncia en el Congr\u00e9s ICSA 2024 sobre Secta Coercitives\"><img width=\"2048\" height=\"843\" src=\"https:\/\/ais-info.org\/wp-content\/uploads\/2024\/07\/FvR_qsZWIAA0Pb1.png\" class=\"vcex-blog-entry-img wpex-align-middle\" alt=\"\" loading=\"lazy\" decoding=\"async\" srcset=\"https:\/\/ais-info.org\/wp-content\/uploads\/2024\/07\/FvR_qsZWIAA0Pb1.png 2048w, https:\/\/ais-info.org\/wp-content\/uploads\/2024\/07\/FvR_qsZWIAA0Pb1-300x123.png 300w, https:\/\/ais-info.org\/wp-content\/uploads\/2024\/07\/FvR_qsZWIAA0Pb1-1024x422.png 1024w, https:\/\/ais-info.org\/wp-content\/uploads\/2024\/07\/FvR_qsZWIAA0Pb1-768x316.png 768w, https:\/\/ais-info.org\/wp-content\/uploads\/2024\/07\/FvR_qsZWIAA0Pb1-1536x632.png 1536w\" sizes=\"auto, (max-width: 2048px) 100vw, 2048px\" \/><\/a><\/div><div class=\"vcex-blog-entry-details entry-details wpex-bordered wpex-first-mt-0 wpex-last-mb-0 wpex-clr\"><div class=\"match-height-content\"><h5 class=\"vcex-blog-entry-title entry-title wpex-mb-5 wpex-child-inherit-color\"><a href=\"https:\/\/ais-info.org\/ca\/presencia-en-el-congres-icsa-2024-sobre-secta-coercitives\/\">Pres\u00e8ncia en el Congr\u00e9s ICSA 2024 sobre Secta Coercitives<\/a><\/h5><div class=\"vcex-blog-entry-excerpt entry-excerpt wpex-my-15 wpex-text-pretty wpex-last-mb-0 wpex-clr\"><p>L'equip d'AIS va participar els passats 4, 5, 6 i 7 de juliol en el Congr\u00e9s ICSA 2024, organitzat per&hellip;<\/p><\/div><div class=\"vcex-blog-entry-readmore-wrap entry-readmore-wrap wpex-my-15 wpex-clr\"><a href=\"https:\/\/ais-info.org\/ca\/presencia-en-el-congres-icsa-2024-sobre-secta-coercitives\/\" class=\"entry-readmore theme-button\" aria-label=\"Llegir m\u00e9s about Pres\u00e8ncia en el Congr\u00e9s ICSA 2024 sobre Secta Coercitives\">Llegir m\u00e9s<\/a><\/div><\/div><\/div><\/div><\/div><\/div><div class=\"wpex-pagination wpex-clear wpex-mt-30\"><ul class='page-numbers'>\n\t<li><span aria-current=\"page\" class=\"page-numbers current\"><span class=\"screen-reader-text\">Page <\/span>1<\/span><\/li>\n\t<li><a class=\"page-numbers\" href=\"https:\/\/ais-info.org\/ca\/wp-json\/wp\/v2\/pages\/971\/page\/2\/\"><span class=\"screen-reader-text\">Page <\/span>2<\/a><\/li>\n\t<li><a class=\"page-numbers\" href=\"https:\/\/ais-info.org\/ca\/wp-json\/wp\/v2\/pages\/971\/page\/3\/\"><span class=\"screen-reader-text\">Page <\/span>3<\/a><\/li>\n\t<li><a class=\"page-numbers\" href=\"https:\/\/ais-info.org\/ca\/wp-json\/wp\/v2\/pages\/971\/page\/4\/\"><span class=\"screen-reader-text\">Page <\/span>4<\/a><\/li>\n\t<li><span class=\"page-numbers dots\">&hellip;<\/span><\/li>\n\t<li><a class=\"page-numbers\" href=\"https:\/\/ais-info.org\/ca\/wp-json\/wp\/v2\/pages\/971\/page\/6\/\"><span class=\"screen-reader-text\">Page <\/span>6<\/a><\/li>\n\t<li><a class=\"next page-numbers\" href=\"https:\/\/ais-info.org\/ca\/wp-json\/wp\/v2\/pages\/971\/page\/2\/\"><span class=\"page-numbers-icon wpex-icon wpex-icon--xs wpex-icon--bidi\" aria-hidden=\"true\"><svg xmlns=\"http:\/\/www.w3.org\/2000\/svg\" viewBox=\"0 0 320 512\"><path d=\"M278.6 233.4c12.5 12.5 12.5 32.8 0 45.3l-160 160c-12.5 12.5-32.8 12.5-45.3 0s-12.5-32.8 0-45.3L210.7 256 73.4 118.6c-12.5-12.5-12.5-32.8 0-45.3s32.8-12.5 45.3 0l160 160z\"\/><\/svg><\/span><span class=\"screen-reader-text\">Next<\/span><\/a><\/li>\n<\/ul>\n<\/div><\/div><div class=\"vcex-spacing wpex-w-100 wpex-clear\"><\/div>[\/vc_column][\/vc_row]\n<\/div>","protected":false},"excerpt":{"rendered":"<p>[vc_row full_width=&#8221;stretch_row&#8221; remove_bottom_col_margin=&#8221;true&#8221; css=&#8221;.vc_custom_1568049905231{background-position: center !important;background-repeat: no-repeat !important;background-size: cover !important;}&#8221; min_height=&#8221;400px&#8221;][vc_column][\/vc_column][\/vc_row]<\/p>\n","protected":false},"author":1,"featured_media":0,"parent":0,"menu_order":0,"comment_status":"closed","ping_status":"closed","template":"","meta":{"footnotes":""},"class_list":["post-971","page","type-page","status-publish","hentry","entry","has-media"],"_links":{"self":[{"href":"https:\/\/ais-info.org\/ca\/wp-json\/wp\/v2\/pages\/971","targetHints":{"allow":["GET"]}}],"collection":[{"href":"https:\/\/ais-info.org\/ca\/wp-json\/wp\/v2\/pages"}],"about":[{"href":"https:\/\/ais-info.org\/ca\/wp-json\/wp\/v2\/types\/page"}],"author":[{"embeddable":true,"href":"https:\/\/ais-info.org\/ca\/wp-json\/wp\/v2\/users\/1"}],"replies":[{"embeddable":true,"href":"https:\/\/ais-info.org\/ca\/wp-json\/wp\/v2\/comments?post=971"}],"version-history":[{"count":7,"href":"https:\/\/ais-info.org\/ca\/wp-json\/wp\/v2\/pages\/971\/revisions"}],"predecessor-version":[{"id":1066,"href":"https:\/\/ais-info.org\/ca\/wp-json\/wp\/v2\/pages\/971\/revisions\/1066"}],"wp:attachment":[{"href":"https:\/\/ais-info.org\/ca\/wp-json\/wp\/v2\/media?parent=971"}],"curies":[{"name":"wp","href":"https:\/\/api.w.org\/{rel}","templated":true}]}}