{"id":967,"date":"2019-10-04T17:10:54","date_gmt":"2019-10-04T15:10:54","guid":{"rendered":"http:\/\/ais-info.org\/aviso-legal\/"},"modified":"2026-01-09T10:21:23","modified_gmt":"2026-01-09T09:21:23","slug":"avis-legal","status":"publish","type":"page","link":"https:\/\/ais-info.org\/ca\/avis-legal\/","title":{"rendered":"Av\u00eds legal"},"content":{"rendered":"<div class=\"wpb-content-wrapper\">[vc_row][vc_column][vc_column_text color=&#8221;#0079bb&#8221;]\n<h3>Av\u00eds legal<\/h3>\n[\/vc_column_text][\/vc_column][\/vc_row][vc_row][vc_column][vc_column_text css=&#8221;&#8221;]<span style=\"font-size: 21px;\"><strong>DADES IDENTIFICATIVES<\/strong><\/span><\/p>\n<p>En compliment amb el deure d&#8217;informaci\u00f3 recollit en l&#8217;article 10 de la Llei 34\/2002, de 11 de juliol, de Serveis de la Societat de la Informaci\u00f3 i de Comer\u00e7 Electr\u00f2nic, a continuaci\u00f3, es faciliten les seg\u00fcents dades:<\/p>\n<p>El titular d&#8217;aquesta website \u00e9s <strong>AIS PRO-JOVENTUD<\/strong>, amb seu al carrer Tarragona, 108-110, local 55, 08015 Barcelona, \u200b\u200bamb n\u00famero de CIF: G08774424. Correu electr\u00f2nic de contacte ais@ais-info.org.<\/p>\n<p>La informaci\u00f3 continguda en www.ais-info.org constitueix un servei d&#8217;informaci\u00f3 dels diversos serveis que ofereix <strong>AIS PRO-JOVENTUD<\/strong> en l&#8217;\u00e0mbit de la Salut Mental.<\/p>\n<p><span style=\"font-size: 21px;\"><strong>ACCEPTACI\u00d3 DE LES CONDICIONS D&#8217;\u00daS<\/strong><\/span><\/p>\n<p>L&#8217;acc\u00e9s a la web www.ais-info.org exigeix \u200b\u200bl&#8217;acceptaci\u00f3 de les condicions d&#8217;\u00fas que en cada moment es trobin vigents en aquesta Web.<\/p>\n<p><span style=\"font-size: 21px;\">\u00a0<\/span><strong><span style=\"font-size: 21px;\">PROPIETAT INTEL\u00b7LECTUAL<\/span> <\/strong><\/p>\n<p>El codi font, els dissenys gr\u00e0fics, les imatges, les fotografies, les animacions, el software, els textos, aix\u00ed com la informaci\u00f3 i els continguts que es recullen en www.ais-info.org estan protegits per la legislaci\u00f3 espanyola sobre els drets de propietat intel\u00b7lectual i industrial a favor d&#8217;<strong>AIS PRO-JOVENTUD<\/strong>, i no es permet, la reproducci\u00f3 total o parcial d&#8217;aquesta web, ni el seu tractament inform\u00e0tic, comunicaci\u00f3 p\u00fablica, distribuci\u00f3, difusi\u00f3, modificaci\u00f3, transformaci\u00f3 o <strong>descompilaci\u00f3, sense el perm\u00eds previ i per escrit del seu titular, AIS PRO-JOVENTUD, de<\/strong> conformitat amb el que disposen els articles 8 i 32 par\u00e0graf segon de la Llei de Propietat Intel\u00b7lectual.<\/p>\n<p>L&#8217;usuari podr\u00e0 utilitzar el material que aparegui en aquesta Web \u00fanica i exclusivament per a \u00fas personal i privat, quedant prohibida la seva utilitzaci\u00f3 amb fins comercials o per a inc\u00f3rrer en activitats il\u00b7l\u00edcites. Tots els drets derivats de la propietat intel\u00b7lectual estan expressament reservats per <strong>AIS PRO-JOVENTUD<\/strong>.<\/p>\n<p><strong>AIS PRO-JOVENTUD<\/strong> vetllar\u00e0 pel compliment de les anteriors condicions i per a la deguda utilitzaci\u00f3 dels continguts presentats en el seu portal, exercitant totes les accions civils i penals que li corresponguin en el cas d&#8217;infracci\u00f3 o incompliment d&#8217;aquests drets per part de l&#8217;usuari.<\/p>\n<p><span style=\"font-size: 21px;\"><strong>PROTECCI\u00d3 DE DADES DE CAR\u00c0CTER PERSONAL<\/strong><\/span><\/p>\n<p>L&#8217;acc\u00e9s a la p\u00e0gina web o el seu \u00fas no implica una recollida de dades personals de l&#8217;usuari per part d&#8217;<strong>AIS PRO-JOVENTUD<\/strong>. No obstant aix\u00f2, es comunica que, en el cas que <strong>AIS PRO-JOVENTUD<\/strong> sol\u00b7liciti dades personals, s&#8217;informar\u00e0 degudament a l&#8217;usuari conforme al que estableix el Reglament General de Protecci\u00f3 de Dades i la resta de normativa que sigui aplicable relativa a la protecci\u00f3 de dades.<\/p>\n<p>Les Dades Personals que recull <strong>AIS PRO-JOVENTUD<\/strong> al formulari de contacte seran tractades amb la finalitat de donar resposta a la sol\u00b7licitud realitzada per l&#8217;interessat, aix\u00ed com per al manteniment de la relaci\u00f3 que en el seu cas s&#8217;estableixi, i la gesti\u00f3, administraci\u00f3, informaci\u00f3, prestaci\u00f3 i millora dels serveis que decideixi contractar.<\/p>\n<p>Per a una informaci\u00f3 m\u00e9s detallada pel que fa a la Protecci\u00f3 de Dades, haur\u00e0 d&#8217;accedir a la nostra pol\u00edtica de privacitat.<\/p>\n<p><strong>AIS PRO-JOVENTUD<\/strong> ha pres les mesures d&#8217;\u00edndole t\u00e8cnica i organitzativa necess\u00e0ries per garantir la seguretat de les dades i evitar la seva alteraci\u00f3, p\u00e8rdua, tractament o acc\u00e9s no autoritzat, tenint en compte l&#8217;estat de la tecnologia, la naturalesa de les dades emmagatzemades i els riscos a qu\u00e8 es troben exposats, tant si provenen de l&#8217;acci\u00f3 humana o del medi f\u00edsic o natural.<\/p>\n<p><span style=\"font-size: 21px;\">\u00a0<strong>DADES EN XARXES SOCIALS<\/strong><\/span><\/p>\n<p>AIS PRO-JOVENTUD disposa de perfils en diferents xarxes socials, de manera que hem d&#8217;advertir a l&#8217;usuari que totes les dades que publiqui en aquests perfils han de ser conegudes per tots aquells usuaris que tamb\u00e9 interactu\u00efn en aquest perfil o que simplement ho consultin, tinguin aquests o no el seu propi perfil a la xarxa social, ja que tots els perfils d&#8217;<strong>AIS PRO-JOVENTUD <\/strong>s\u00f3n p\u00fablics. En conseq\u00fc\u00e8ncia, tota la informaci\u00f3 i continguts publicats per l&#8217;usuari en els perfils de ser objecte de comunicaci\u00f3 a la resta dels usuaris per la pr\u00f2pia naturalesa de l&#8217;servei. Us recomanem que consulteu les pol\u00edtiques de privacitat de les xarxes socials abans d&#8217;utilitzar aquests serveis.<\/p>\n<p>En el cas que l&#8217;usuari envi\u00ef informaci\u00f3 de qualsevol tipus a <strong>AIS PRO-JOVENTUD<\/strong>, sobretot en el cas de dades de tercers, a trav\u00e9s de les xarxes socials, aquest declara i garanteix que est\u00e0 legitimat a enviar aquesta informaci\u00f3 i que no infringeix cap dret de propietat intel\u00b7lectual, de marca, de patent, secret comercial o qualsevol altre dret de tercer, que la informaci\u00f3 no t\u00e9 car\u00e0cter confidencial i que no fa mal o of\u00e8n a tercers.<\/p>\n<p><strong>AIS PRO-JOVENTUT<\/strong> nom\u00e9s \u00e9s responsable i garanteix la confidencialitat, seguretat i tractament de les dades d&#8217;acord amb la legislaci\u00f3 vigent, respecte a les dades que reculli directament de l&#8217;usuari, no tenint cap tipus de responsabilitat respecte dels tractaments i posteriors usos que la xarxa social pogu\u00e9s efectuar.<\/p>\n<p><span style=\"font-size: 21px;\"><strong>LIMITACI\u00d3 DE LA RESPONSABILITAT<\/strong><\/span><\/p>\n<p><strong>AIS PRO-JOVENTUD<\/strong> no es responsabilitza dels possibles danys o perjudicis que puguin succeir com a conseq\u00fc\u00e8ncia de l&#8217;\u00fas dels continguts de la Web, sent d&#8217;exclusiva responsabilitat de l&#8217;usuari que accedeixi als mateixos.<\/p>\n<p>En el mateix sentit, <strong>AIS PRO-JOVENTUD<\/strong> no es responsabilitza dels possibles perjudicis que es puguin derivar de l&#8217;\u00fas d&#8217;una versi\u00f3 no actualitzada o defectuosa de el navegador, d&#8217;interrupcions en la connexi\u00f3 que es produeixin durant la transmissi\u00f3 de dades, virus inform\u00e0tics, avaries o desconnexions en el funcionament de sistema telem\u00e0tic, de bloquejos causats per defici\u00e8ncies o sobrec\u00e0rregues de les l\u00ednies telef\u00f2niques, aix\u00ed com de danys provocats per terceres persones mitjan\u00e7ant intromissions no autoritzades.<\/p>\n<p>La Web d&#8217;<strong>AIS PRO-JOVENTUT<\/strong> cont\u00e9 enlla\u00e7os a altres p\u00e0gines web que poden resultar d&#8217;inter\u00e8s per als usuaris. <strong>AIS PRO-JOVENTUD<\/strong> no assumeix cap responsabilitat sobre aquests enlla\u00e7os, no podent garantir el compliment de pol\u00edtiques de privacitat adequades, motiu pel qual l&#8217;usuari accedeix al contingut de les referides p\u00e0gines Web en les condicions d&#8217;\u00fas que es fixin en les mateixes i sota la seva exclusiva responsabilitat.<\/p>\n<p><strong>AIS PRO-JOVENTUD<\/strong> no es fa responsable de l&#8217;incompliment de qualsevol norma aplicable en qu\u00e8 pugui inc\u00f3rrer l&#8217;usuari en el seu acc\u00e9s a la Web www.ais-info.org i \/ o en l&#8217;\u00fas de les informacions contingudes en ella.<\/p>\n<p><strong>AIS PRO-JOVENTUD<\/strong> es reserva el dret a interrompre o denegar discrecionalment, en qualsevol moment i sense necessitat de previ av\u00eds, l&#8217;acc\u00e9s de qualsevol usuari als continguts d&#8217;acc\u00e9s restringit, quan concorrin alguna de les circumst\u00e0ncies descrites.<\/p>\n<p><span style=\"font-size: 21px;\"><strong>ENLLA\u00c7OS<\/strong><\/span><\/p>\n<p>Tots els enlla\u00e7os o links, hipertextual, framing o qualsevol altre tipus de connexi\u00f3 virtual a trav\u00e9s de xarxes de telecomunicaci\u00f3 des de qualsevol lloc web a la nostra p\u00e0gina web, haur\u00e0 de ser sol\u00b7licitada i autoritzada pr\u00e8viament i per escrit per <strong>AIS PRO-JOVENTUD<\/strong> i, si no , els enlla\u00e7os que s&#8217;estableixin a aquest web hauran de fer-se a la seva p\u00e0gina d&#8217;inici.<\/p>\n<p>Els enlla\u00e7os que es realitzin a p\u00e0gines web de tercers tenen \u00fanicament una finalitat orientativa, sent el seu objecte el posar a disposici\u00f3 de l&#8217;usuari altres fonts d&#8217;informaci\u00f3 que poguessin ser del seu inter\u00e8s.<\/p>\n<p><strong>AIS PRO-JOVENTUD <\/strong>procura revisar peri\u00f2dicament el contingut dels seus enlla\u00e7os. No obstant aix\u00f2, \u00e9s impossible con\u00e8ixer en tot moment el contingut concret dels enlla\u00e7os proposats. Derivat d&#8217;aix\u00f2, sol\u00b7licitem la col\u00b7laboraci\u00f3 de qualsevol usuari que accedeixi als referits continguts en el sup\u00f2sit que els seus continguts poguessin ser contraris a la legalitat vigent, moral o ordre p\u00fablic, posant-ho en coneixement a trav\u00e9s del seg\u00fcent correu electr\u00f2nic ais@ais-info.org.<\/p>\n<p><span style=\"font-size: 21px;\"><strong>RESPONSABILITAT<\/strong><\/span><\/p>\n<p>En definitiva, l&#8217;usuari \u00e9s l&#8217;\u00fanic responsable de l&#8217;\u00fas que realitzi dels serveis, continguts, enlla\u00e7os (links) i hipertextos inclosos a la web www.ais-info.org<\/p>\n<p><span style=\"font-size: 21px;\"><strong>POL\u00cdTICA DE PRIVACITAT<\/strong><\/span><\/p>\n<p>Les dades de car\u00e0cter personal obtingudes mitjan\u00e7ant els diferents formularis de registre estan subjectes als termes recollits en la nostra <a href=\"https:\/\/ais-info.org\/ca\/politica-de-privacitat-i-de-cookies\/\">Pol\u00edtica de Privacitat<\/a>.<\/p>\n<p><span style=\"font-size: 21px;\"><strong>RESERVA<\/strong>\u00a0<\/span><\/p>\n<p><strong>AIS PRO-JOVENTUD<\/strong> es reserva la facultat en tot moment, sense necessitat de previ av\u00eds, d&#8217;efectuar modificacions i actualitzacions de la informaci\u00f3 continguda en la seva web o en la seva configuraci\u00f3 i presentaci\u00f3. Aix\u00ed mateix, es reserva el dret a suspendre temporalment, i sense que sigui necessari previ av\u00eds, l&#8217;accessibilitat a la Web per raons d&#8217;eventual necessitat i per efectuar operacions de manteniment, reparaci\u00f3 o millora.<\/p>\n<p><strong>AIS PRO-JOVENTUD<\/strong> es reserva el dret a incloure o retirar de manera total o parcialment de la Web, qualsevol informaci\u00f3 a la seva exclusiva discreci\u00f3.<\/p>\n<p><span style=\"font-size: 21px;\"><strong>Llei aplicable i jurisdicci\u00f3<\/strong>\u00a0<\/span><\/p>\n<p>Per a totes aquelles q\u00fcestions que es puguin suscitar amb motiu d&#8217;interpretaci\u00f3, execuci\u00f3 o eventual incompliment de les presents condicions d&#8217;utilitzaci\u00f3, els usuaris, amb ren\u00fancia al seu propi fur, i amb independ\u00e8ncia del lloc on es susciti qualsevol disputa, se sotmetran expressament a la compet\u00e8ncia i jurisdicci\u00f3 dels jutjats i tribunals de Barcelona.\u00a0Les presents condicions es regiran, en tot cas, per la legislaci\u00f3 espanyola.<\/p>\n<p><strong>AIS PRO-JOVENTUD | <\/strong>Tots els drets reservats[\/vc_column_text][\/vc_column][\/vc_row]\n<\/div>","protected":false},"excerpt":{"rendered":"<p>[vc_row][vc_column][vc_column_text color=&#8221;#0079bb&#8221;] Av\u00eds legal [\/vc_column_text][\/vc_column][\/vc_row][vc_row][vc_column][vc_column_text css=&#8221;&#8221;]DADES IDENTIFICATIVES En compliment amb el deure d&#8217;informaci\u00f3 recollit en l&#8217;article 10 de la Llei 34\/2002, de 11 de juliol, de Serveis de la Societat de la Informaci\u00f3 i de Comer\u00e7 Electr\u00f2nic, a continuaci\u00f3, es faciliten les seg\u00fcents dades: El titular d&#8217;aquesta website \u00e9s AIS PRO-JOVENTUD, amb seu al carrer&hellip;<\/p>\n","protected":false},"author":1,"featured_media":0,"parent":0,"menu_order":0,"comment_status":"closed","ping_status":"closed","template":"","meta":{"footnotes":""},"class_list":["post-967","page","type-page","status-publish","hentry","entry","no-media"],"_links":{"self":[{"href":"https:\/\/ais-info.org\/ca\/wp-json\/wp\/v2\/pages\/967","targetHints":{"allow":["GET"]}}],"collection":[{"href":"https:\/\/ais-info.org\/ca\/wp-json\/wp\/v2\/pages"}],"about":[{"href":"https:\/\/ais-info.org\/ca\/wp-json\/wp\/v2\/types\/page"}],"author":[{"embeddable":true,"href":"https:\/\/ais-info.org\/ca\/wp-json\/wp\/v2\/users\/1"}],"replies":[{"embeddable":true,"href":"https:\/\/ais-info.org\/ca\/wp-json\/wp\/v2\/comments?post=967"}],"version-history":[{"count":6,"href":"https:\/\/ais-info.org\/ca\/wp-json\/wp\/v2\/pages\/967\/revisions"}],"predecessor-version":[{"id":2356,"href":"https:\/\/ais-info.org\/ca\/wp-json\/wp\/v2\/pages\/967\/revisions\/2356"}],"wp:attachment":[{"href":"https:\/\/ais-info.org\/ca\/wp-json\/wp\/v2\/media?parent=967"}],"curies":[{"name":"wp","href":"https:\/\/api.w.org\/{rel}","templated":true}]}}