{"id":961,"date":"2019-07-11T17:17:12","date_gmt":"2019-07-11T15:17:12","guid":{"rendered":"http:\/\/ais-info.org\/trastornos\/"},"modified":"2019-11-24T17:07:54","modified_gmt":"2019-11-24T16:07:54","slug":"trastorns","status":"publish","type":"page","link":"https:\/\/ais-info.org\/ca\/trastorns\/","title":{"rendered":"Trastorns"},"content":{"rendered":"<div class=\"wpb-content-wrapper\">[vc_row column_spacing=&#8221;0px&#8221; visibility=&#8221;hidden-phone&#8221;][vc_column][vc_column_text color=&#8221;#0079bb&#8221;]\n<h2>Trastorns<\/h2>\n[\/vc_column_text]<div class=\"vcex-spacing wpex-w-100 wpex-clear\"><\/div>[\/vc_column][\/vc_row][vc_row column_spacing=&#8221;0px&#8221; visibility=&#8221;visible-phone&#8221;][vc_column][vc_column_text color=&#8221;#0079bb&#8221;]\n<h3>Trastorns<\/h3>\n[\/vc_column_text]<div class=\"vcex-spacing wpex-w-100 wpex-clear\"><\/div>[\/vc_column][\/vc_row][vc_row full_width=&#8221;stretch_row&#8221; column_spacing=&#8221;30&#8243; equal_height=&#8221;yes&#8221; css=&#8221;.vc_custom_1571048567247{background-color: #eaeaea !important;}&#8221;][vc_column width=&#8221;1\/3&#8243;][vc_single_image image=&#8221;872&#8243;][vc_column_text color=&#8221;#0070bb&#8221;]\n<h4>Addiccions comportamentals<\/h4>\n[\/vc_column_text][vc_column_text css=&#8221;.vc_custom_1571048374052{padding-top: 30px !important;padding-right: 30px !important;padding-bottom: 40px !important;}&#8221;]Trastorns de depend\u00e8ncia o ab\u00fas vinculats a persones i \/ o activitats diverses (no a subst\u00e0ncies qu\u00edmiques), que comporten una p\u00e8rdua de control per part de l&#8217;individu davant la conducta d&#8217;addicci\u00f3. S\u00f3n exemples d&#8217;addicci\u00f3 comportamental el joc patol\u00f2gic amb aposta, els problemes relacionats amb tecnologies (videojocs, entreteniment online, sexe, compres), la compra compulsiva o l&#8217;addicci\u00f3 al sexe.[\/vc_column_text][\/vc_column][vc_column width=&#8221;1\/3&#8243;][vc_single_image image=&#8221;873&#8243;][vc_column_text color=&#8221;#0070bb&#8221;]\n<h4>Depend\u00e8ncia emocional<\/h4>\n[\/vc_column_text][vc_column_text css=&#8221;.vc_custom_1570817413316{padding-top: 30px !important;padding-right: 30px !important;padding-bottom: 40px !important;}&#8221;]La depend\u00e8ncia emocional es defineix com un patr\u00f3 psicol\u00f2gic persistent de necessitats emocionals que s&#8217;intenten cobrir d&#8217;una forma desadaptativa amb relacions sentimentals cap a altres persones, fonamentalment en la relaci\u00f3 de parella, encara que tamb\u00e9 pot donar-se cap a progenitors, fills o altres figures d&#8217;afecci\u00f3.[\/vc_column_text][\/vc_column][vc_column width=&#8221;1\/3&#8243;][vc_single_image image=&#8221;874&#8243;][vc_column_text color=&#8221;#0070bb&#8221;]\n<h4>Manipulaci\u00f3 psicol\u00f2gica<\/h4>\n[\/vc_column_text][vc_column_text css=&#8221;.vc_custom_1570817396562{padding-top: 30px !important;padding-right: 30px !important;padding-bottom: 30px !important;}&#8221;]Els problemes relacionats amb la manipulaci\u00f3 psicol\u00f2gica s\u00f3n aquells provocats quan un grup (Grup de Manipulaci\u00f3 Psicol\u00f2gica o Secta Coercitiva), una Banda Juvenil Violenta, o una persona (Manipulaci\u00f3 Unipersonal), indueix de manera intencional a una altra a dependre gaireb\u00e9 o totalment d&#8217;ell \/ ella en relaci\u00f3 a decisions vitals, inculcant en els seus seguidors la convicci\u00f3 que ell \/ a posseeix un talent especial, un do o uns coneixements superiors.[\/vc_column_text][\/vc_column][\/vc_row][vc_row full_width=&#8221;stretch_row&#8221; remove_bottom_col_margin=&#8221;true&#8221; wpex_bg_overlay=&#8221;color&#8221; wpex_bg_overlay_color=&#8221;#ffffff&#8221;][vc_column css=&#8221;.vc_custom_1568198487530{padding-right: 30px !important;}&#8221;]<div class=\"vcex-spacing wpex-w-100 wpex-clear\" style=\"height:40px;\"><\/div>[vc_column_text]\n<p style=\"text-align: center;\"><span style=\"font-size: 21px;\">Si necessita assessorament o vol fer-nos alguna consulta, contacteu amb nosaltres. Proporcionem atenci\u00f3 a fam\u00edlies, adults i menors de tot Espanya<\/span><\/p>\n[\/vc_column_text]<div class=\"vcex-spacing wpex-w-100 wpex-clear\" style=\"height:40px;\"><\/div><style>.vcex-button.vcex_69e30ecc1b935{font-size:20px;font-weight:300;}.vcex-button.vcex_69e30ecc1b935 .theme-button-icon-left{padding-inline-end:10px;}@media (max-width:1024px){.vcex-button.vcex_69e30ecc1b935{font-size:18px;}}@media (max-width:959px){.vcex-button.vcex_69e30ecc1b935{font-size:18px;}}@media (max-width:767px){.vcex-button.vcex_69e30ecc1b935{font-size:16px;}}@media (max-width:479px){.vcex-button.vcex_69e30ecc1b935{font-size:16px;}}<\/style><style>.vcex_69e30ecc1c3e5{font-size:20px!important;}@media (max-width:1024px){.vcex_69e30ecc1c3e5{font-size:18px!important;}}@media (max-width:959px){.vcex_69e30ecc1c3e5{font-size:18px!important;}}@media (max-width:767px){.vcex_69e30ecc1c3e5{font-size:16px!important;}}@media (max-width:479px){.vcex_69e30ecc1c3e5{font-size:16px!important;}}<\/style><div class=\"theme-button-wrap textcenter theme-button-block-wrap wpex-block wpex-clear wpex-clr\"><a href=\"tel:933013024\" class=\"vcex-button theme-button align-center block vcex_69e30ecc1c3e5 vcex_69e30ecc1b935\"><span class=\"vcex-button-inner theme-button-inner wpex-flex wpex-flex-wrap wpex-items-center wpex-justify-center\"><span class=\"vcex-button-icon vcex-icon-wrap theme-button-icon-left\"><span class=\"wpex-icon\" aria-hidden=\"true\"><svg xmlns=\"http:\/\/www.w3.org\/2000\/svg\" viewBox=\"0 0 512 512\"><path d=\"M164.9 24.6c-7.7-18.6-28-28.5-47.4-23.2l-88 24C12.1 30.2 0 46 0 64C0 311.4 200.6 512 448 512c18 0 33.8-12.1 38.6-29.5l24-88c5.3-19.4-4.6-39.7-23.2-47.4l-96-40c-16.3-6.8-35.2-2.1-46.3 11.6L304.7 368C234.3 334.7 177.3 277.7 144 207.3L193.3 167c13.7-11.2 18.4-30 11.6-46.3l-40-96z\"\/><\/svg><\/span><\/span>Demani cita pr\u00e8via al 933 013 024<\/span><\/a><\/div> <div class=\"vcex-spacing wpex-w-100 wpex-clear\" style=\"height:50px;\"><\/div>[\/vc_column][\/vc_row]\n<\/div>","protected":false},"excerpt":{"rendered":"<p>[vc_row column_spacing=&#8221;0px&#8221; visibility=&#8221;hidden-phone&#8221;][vc_column][vc_column_text color=&#8221;#0079bb&#8221;] Trastorns [\/vc_column_text][\/vc_column][\/vc_row][vc_row column_spacing=&#8221;0px&#8221; visibility=&#8221;visible-phone&#8221;][vc_column][vc_column_text color=&#8221;#0079bb&#8221;] Trastorns [\/vc_column_text][\/vc_column][\/vc_row][vc_row full_width=&#8221;stretch_row&#8221; column_spacing=&#8221;30&#8243; equal_height=&#8221;yes&#8221; css=&#8221;.vc_custom_1571048567247{background-color: #eaeaea !important;}&#8221;][vc_column width=&#8221;1\/3&#8243;][vc_single_image image=&#8221;872&#8243;][vc_column_text color=&#8221;#0070bb&#8221;] Addiccions comportamentals [\/vc_column_text][vc_column_text css=&#8221;.vc_custom_1571048374052{padding-top: 30px !important;padding-right: 30px !important;padding-bottom: 40px !important;}&#8221;]Trastorns de depend\u00e8ncia o ab\u00fas vinculats a persones i \/ o activitats diverses (no a subst\u00e0ncies qu\u00edmiques), que comporten una p\u00e8rdua de control per part de&hellip;<\/p>\n","protected":false},"author":1,"featured_media":0,"parent":0,"menu_order":0,"comment_status":"closed","ping_status":"closed","template":"","meta":{"footnotes":""},"class_list":["post-961","page","type-page","status-publish","hentry","entry","no-media"],"_links":{"self":[{"href":"https:\/\/ais-info.org\/ca\/wp-json\/wp\/v2\/pages\/961","targetHints":{"allow":["GET"]}}],"collection":[{"href":"https:\/\/ais-info.org\/ca\/wp-json\/wp\/v2\/pages"}],"about":[{"href":"https:\/\/ais-info.org\/ca\/wp-json\/wp\/v2\/types\/page"}],"author":[{"embeddable":true,"href":"https:\/\/ais-info.org\/ca\/wp-json\/wp\/v2\/users\/1"}],"replies":[{"embeddable":true,"href":"https:\/\/ais-info.org\/ca\/wp-json\/wp\/v2\/comments?post=961"}],"version-history":[{"count":4,"href":"https:\/\/ais-info.org\/ca\/wp-json\/wp\/v2\/pages\/961\/revisions"}],"predecessor-version":[{"id":965,"href":"https:\/\/ais-info.org\/ca\/wp-json\/wp\/v2\/pages\/961\/revisions\/965"}],"wp:attachment":[{"href":"https:\/\/ais-info.org\/ca\/wp-json\/wp\/v2\/media?parent=961"}],"curies":[{"name":"wp","href":"https:\/\/api.w.org\/{rel}","templated":true}]}}