{"id":897,"date":"2019-07-16T09:04:54","date_gmt":"2019-07-16T07:04:54","guid":{"rendered":"http:\/\/ais-info.org\/juanjo-santamaria-lorenzo\/"},"modified":"2023-09-09T21:52:08","modified_gmt":"2023-09-09T19:52:08","slug":"juanjo-santamaria-lorenzo","status":"publish","type":"page","link":"https:\/\/ais-info.org\/ca\/juanjo-santamaria-lorenzo\/","title":{"rendered":"Juanjo Santamar\u00eda Lorenzo"},"content":{"rendered":"<div class=\"wpb-content-wrapper\">[vc_row visibility=&#8221;hidden-phone&#8221;][vc_column]<div class=\"vcex-spacing wpex-w-100 wpex-clear\"><\/div>[\/vc_column][\/vc_row][vc_row content_placement=&#8221;middle&#8221; column_spacing=&#8221;50&#8243;][vc_column width=&#8221;1\/4&#8243;][vc_single_image image=&#8221;1144&#8243; style=&#8221;vc_box_outline&#8221;][\/vc_column][vc_column width=&#8221;3\/4&#8243;][vc_column_text]\n<h3>Juanjo <span style=\"color: #008080;\"><strong>Santamar\u00eda<br \/>\n<\/strong><\/span><\/h3>\n[\/vc_column_text][vc_column_text]<span style=\"font-size: 24px;\">Psic\u00f2leg<\/span>[\/vc_column_text][\/vc_column][\/vc_row][vc_row][vc_column][vc_column_text]<span style=\"font-size: 18px; color: #008080;\">Traject\u00f2ria acad\u00e8mica<\/span><\/p>\n<p>Psic\u00f2leg. Doctor en Psicologia (UB), M\u00e0ster en Psicologia Cl\u00ednica (UB) i M\u00e0ster General Sanitari en Psicologia de la Salut.<\/p>\n<p><span style=\"font-size: 18px; color: #008080;\">Experi\u00e8ncia laboral<br \/>\n<\/span><\/p>\n<p>Psic\u00f2leg especialitzat en addiccions comportamentals, trastorns alimentaris i noves tecnologies i salut mental.<\/p>\n<p>M\u00e9s de 15 anys d\u2019experi\u00e8ncia en cl\u00ednica i investigaci\u00f3 relacionada amb psicopatologia, personalitat i resposta a tractament.<\/p>\n<p><span style=\"color: #008080; font-size: 18px;\">Activitat docent<\/span><\/p>\n<p>Com a fruit de la seva experi\u00e8ncia i del seu inter\u00e8s en la investigaci\u00f3 ha impartit formaci\u00f3 universit\u00e0ria (UB) i en centres tant p\u00fablics com privats en diverses \u00e0rees: Noves Tecnologies, Prevenci\u00f3 d\u2019addiccions, Abordatge i detecci\u00f3 de diversos problemes de salut mental.<\/p>\n<p><span style=\"font-size: 18px; color: #008080;\">Activitats relacionades amb la investigaci\u00f3 i les publicacions<\/span><\/p>\n<p>M\u00e9s de 15 anys d\u2019experi\u00e8ncia en recerca relacionada amb addiccions comportamentals, manipulaci\u00f3 coercitiva i depend\u00e8ncia emocional. Aquesta experi\u00e8ncia ha derivat en multitud de treballs publicats en revistes cient\u00edfiques i presentats en congressos nacionals i internacionals.[\/vc_column_text]<div class=\"vcex-spacing wpex-w-100 wpex-clear\" style=\"height:50px;\"><\/div><style>.vcex-button.vcex_69e34390b73be{border-radius:20px;background:#12c5c3;color:#ffffff!important;}.vcex-button.vcex_69e34390b73be:hover{background:#009595!important;}<\/style><div class=\"theme-button-wrap theme-button-block-wrap wpex-block wpex-clear wpex-clr\"><a href=\"https:\/\/ais-info.org\/ca\/equip-terapeutic\/\" class=\"vcex-button theme-button medium align-left block vcex_69e34390b73be\"><span class=\"vcex-button-inner theme-button-inner wpex-flex wpex-flex-wrap wpex-items-center wpex-justify-center\">Tornar a Equip<\/span><\/a><\/div> [\/vc_column][\/vc_row][vc_row][vc_column][\/vc_column][\/vc_row]\n<\/div>","protected":false},"excerpt":{"rendered":"<p>[vc_row visibility=&#8221;hidden-phone&#8221;][vc_column][\/vc_column][\/vc_row][vc_row content_placement=&#8221;middle&#8221; column_spacing=&#8221;50&#8243;][vc_column width=&#8221;1\/4&#8243;][vc_single_image image=&#8221;1144&#8243; style=&#8221;vc_box_outline&#8221;][\/vc_column][vc_column width=&#8221;3\/4&#8243;][vc_column_text] Juanjo Santamar\u00eda [\/vc_column_text][vc_column_text]Psic\u00f2leg[\/vc_column_text][\/vc_column][\/vc_row][vc_row][vc_column][vc_column_text]Traject\u00f2ria acad\u00e8mica Psic\u00f2leg. Doctor en Psicologia (UB), M\u00e0ster en Psicologia Cl\u00ednica (UB) i M\u00e0ster General Sanitari en Psicologia de la Salut. Experi\u00e8ncia laboral Psic\u00f2leg especialitzat en addiccions comportamentals, trastorns alimentaris i noves tecnologies i salut mental. M\u00e9s de 15 anys d\u2019experi\u00e8ncia en cl\u00ednica i investigaci\u00f3&hellip;<\/p>\n","protected":false},"author":1,"featured_media":0,"parent":0,"menu_order":0,"comment_status":"closed","ping_status":"closed","template":"","meta":{"footnotes":""},"class_list":["post-897","page","type-page","status-publish","hentry","entry","no-media"],"_links":{"self":[{"href":"https:\/\/ais-info.org\/ca\/wp-json\/wp\/v2\/pages\/897","targetHints":{"allow":["GET"]}}],"collection":[{"href":"https:\/\/ais-info.org\/ca\/wp-json\/wp\/v2\/pages"}],"about":[{"href":"https:\/\/ais-info.org\/ca\/wp-json\/wp\/v2\/types\/page"}],"author":[{"embeddable":true,"href":"https:\/\/ais-info.org\/ca\/wp-json\/wp\/v2\/users\/1"}],"replies":[{"embeddable":true,"href":"https:\/\/ais-info.org\/ca\/wp-json\/wp\/v2\/comments?post=897"}],"version-history":[{"count":10,"href":"https:\/\/ais-info.org\/ca\/wp-json\/wp\/v2\/pages\/897\/revisions"}],"predecessor-version":[{"id":1823,"href":"https:\/\/ais-info.org\/ca\/wp-json\/wp\/v2\/pages\/897\/revisions\/1823"}],"wp:attachment":[{"href":"https:\/\/ais-info.org\/ca\/wp-json\/wp\/v2\/media?parent=897"}],"curies":[{"name":"wp","href":"https:\/\/api.w.org\/{rel}","templated":true}]}}