{"id":892,"date":"2019-09-04T16:15:19","date_gmt":"2019-09-04T14:15:19","guid":{"rendered":"http:\/\/ais-info.org\/equipo-terapeutico\/"},"modified":"2023-09-13T14:12:44","modified_gmt":"2023-09-13T12:12:44","slug":"equip-terapeutic","status":"publish","type":"page","link":"https:\/\/ais-info.org\/ca\/equip-terapeutic\/","title":{"rendered":"Equip terap\u00e8utic"},"content":{"rendered":"<div class=\"wpb-content-wrapper\">[vc_row visibility=&#8221;hidden-phone&#8221;][vc_column width=&#8221;5\/6&#8243;][vc_column_text color=&#8221;#0079bb&#8221;]\n<h2>Equip<strong> terap\u00e8utic<\/strong><\/h2>\n[\/vc_column_text]<div class=\"vcex-spacing wpex-w-100 wpex-clear\"><\/div>[vc_column_text]<span style=\"font-size: 18px;\">Som especialistes en el tractament i la prevenci\u00f3 d&#8217;addiccions comportamentals o socioaddiccions (addiccions sense subst\u00e0ncia) i els trastorns generats per relacions sect\u00e0ries i altres processos de manipulaci\u00f3 psicol\u00f2gica.<\/span>[\/vc_column_text][\/vc_column][vc_column width=&#8221;1\/6&#8243;][\/vc_column][\/vc_row][vc_row visibility=&#8221;visible-phone&#8221;][vc_column width=&#8221;5\/6&#8243;][vc_column_text color=&#8221;#0079bb&#8221;]\n<h3>Equip<strong> terap\u00e8utic<\/strong><\/h3>\n[\/vc_column_text]<div class=\"vcex-spacing wpex-w-100 wpex-clear\"><\/div>[vc_column_text]<span style=\"font-size: 18px;\">Som especialistes en el tractament i la prevenci\u00f3 d&#8217;addiccions comportamentals o socioaddiccions (addiccions sense subst\u00e0ncia) i els trastorns generats per relacions sect\u00e0ries i altres processos de manipulaci\u00f3 psicol\u00f2gica.<\/span>[\/vc_column_text][\/vc_column][vc_column width=&#8221;1\/6&#8243;][\/vc_column][\/vc_row][vc_row full_width=&#8221;stretch_row&#8221; column_spacing=&#8221;0px&#8221; gap=&#8221;10&#8243; equal_height=&#8221;yes&#8221;][vc_column width=&#8221;1\/4&#8243; css=&#8221;.vc_custom_1562953041000{background-color: #f2f2f2 !important;background-position: center !important;background-repeat: no-repeat !important;background-size: cover !important;}&#8221;][vc_single_image image=&#8221;1142&#8243; alignment=&#8221;center&#8221;]<div class=\"vcex-spacing wpex-w-100 wpex-clear\"><\/div>[vc_column_text responsive_text=&#8221;true&#8221; text_align=&#8221;center&#8221; font_family=&#8221;Exo&#8221;]\n<p style=\"text-align: center;\"><span style=\"font-size: 21px;\"><strong><span style=\"color: #008080;\">Vega Gonz\u00e1lez<\/span><br \/>\n<\/strong><\/span><\/p>\n[\/vc_column_text]<div class=\"vcex-module vcex-divider vcex-divider-solid vcex-divider-center wpex-mx-auto wpex-max-w-100 wpex-block wpex-h-0 wpex-border-b wpex-border-solid wpex-border-main\" style=\"width:20%;margin-block:20px;border-bottom-width:3px;border-color:#009595;\"><\/div>[vc_column_text]\n<p style=\"text-align: center;\">PSICOLOGIA CL\u00cdNICA<\/p>\n[\/vc_column_text]<div class=\"vcex-spacing wpex-w-100 wpex-clear\" style=\"height:20px;\"><\/div>[vc_column_text css=&#8221;.vc_custom_1571761305931{padding-right: 15px !important;padding-bottom: 15px !important;padding-left: 15px !important;}&#8221;]\n<p style=\"text-align: center;\"><span style=\"font-size: 14px;\">Psic\u00f2loga especialitzada en addiccions comportamentals, trastorns alimentaris i noves tecnologies i salut mental.<\/span><\/p>\n[\/vc_column_text]<div class=\"vcex-spacing wpex-w-100 wpex-clear\"><\/div><style>.vcex-button.vcex_69e30fc46bbea{background:#00a99d;color:#ffffff!important;}.vcex-button.vcex_69e30fc46bbea:hover{background:#007c7c!important;}<\/style><div class=\"theme-button-wrap textcenter wpex-clr\"><a href=\"https:\/\/ais-info.org\/ca\/vega-gonzalez\/\" class=\"vcex-button theme-button align-center inline vcex_69e30fc46bbea\"><span class=\"vcex-button-inner theme-button-inner wpex-flex wpex-flex-wrap wpex-items-center wpex-justify-center\">M\u00e9s informaci\u00f3<\/span><\/a><\/div> <div class=\"vcex-spacing wpex-w-100 wpex-clear\"><\/div>[\/vc_column][vc_column width=&#8221;1\/4&#8243; css=&#8221;.vc_custom_1562954701085{background-color: #f2f2f2 !important;}&#8221;][vc_single_image image=&#8221;1144&#8243; alignment=&#8221;center&#8221;]<div class=\"vcex-spacing wpex-w-100 wpex-clear\"><\/div>[vc_column_text responsive_text=&#8221;true&#8221; text_align=&#8221;center&#8221; font_family=&#8221;Exo&#8221;]\n<p style=\"text-align: center;\"><span style=\"font-size: 21px; color: #008080;\"><strong>Juanjo Santamar\u00eda<\/strong><\/span><\/p>\n[\/vc_column_text]<div class=\"vcex-module vcex-divider vcex-divider-solid vcex-divider-center wpex-mx-auto wpex-max-w-100 wpex-block wpex-h-0 wpex-border-b wpex-border-solid wpex-border-main\" style=\"width:20%;margin-block:20px;border-bottom-width:3px;border-color:#009595;\"><\/div>[vc_column_text]\n<p style=\"text-align: center;\">PSICOLOGIA GENERAL<\/p>\n[\/vc_column_text]<div class=\"vcex-spacing wpex-w-100 wpex-clear\" style=\"height:20px;\"><\/div>[vc_column_text css=&#8221;.vc_custom_1571761332931{padding-right: 15px !important;padding-bottom: 15px !important;padding-left: 15px !important;}&#8221;]\n<p style=\"text-align: center;\"><span style=\"font-size: 14px;\">Psic\u00f2leg especialitzat en addiccions comportamentals, trastorns alimentaris i noves tecnologies i salut mental.<\/span><\/p>\n[\/vc_column_text]<div class=\"vcex-spacing wpex-w-100 wpex-clear\"><\/div><style>.vcex-button.vcex_69e30fc46c8c9{background:#00a99d;color:#ffffff!important;}.vcex-button.vcex_69e30fc46c8c9:hover{background:#007c7c!important;}<\/style><div class=\"theme-button-wrap textcenter wpex-clr\"><a href=\"https:\/\/ais-info.org\/ca\/juanjo-santamaria-lorenzo\/\" class=\"vcex-button theme-button align-center inline vcex_69e30fc46c8c9\"><span class=\"vcex-button-inner theme-button-inner wpex-flex wpex-flex-wrap wpex-items-center wpex-justify-center\">M\u00e9s informaci\u00f3<\/span><\/a><\/div> <div class=\"vcex-spacing wpex-w-100 wpex-clear\"><\/div>[\/vc_column][vc_column width=&#8221;1\/4&#8243; css=&#8221;.vc_custom_1562954711019{background-color: #f2f2f2 !important;}&#8221;][vc_single_image image=&#8221;1702&#8243; alignment=&#8221;center&#8221;]<div class=\"vcex-spacing wpex-w-100 wpex-clear\"><\/div>[vc_column_text responsive_text=&#8221;true&#8221; text_align=&#8221;center&#8221; font_family=&#8221;Exo&#8221;]\n<p style=\"text-align: center;\"><span style=\"font-size: 21px; color: #008080;\"><strong>Eduardo Valenciano<\/strong><\/span><\/p>\n[\/vc_column_text]<div class=\"vcex-module vcex-divider vcex-divider-solid vcex-divider-center wpex-mx-auto wpex-max-w-100 wpex-block wpex-h-0 wpex-border-b wpex-border-solid wpex-border-main\" style=\"width:20%;margin-block:20px;border-bottom-width:3px;border-color:#009595;\"><\/div>[vc_column_text]\n<p style=\"text-align: center;\">PSICOLOGIA GENERAL<\/p>\n[\/vc_column_text]<div class=\"vcex-spacing wpex-w-100 wpex-clear\" style=\"height:20px;\"><\/div>[vc_column_text css=&#8221;.vc_custom_1665998864478{padding-right: 15px !important;padding-bottom: 15px !important;padding-left: 15px !important;}&#8221;]\n<p style=\"text-align: center;\"><span style=\"font-size: 14px;\">Psic\u00f2leg especialitzat en addiccions comportamentals i en trastorns de la conducta alimentaria.<\/span><\/p>\n[\/vc_column_text]<div class=\"vcex-spacing wpex-w-100 wpex-clear\"><\/div><style>.vcex-button.vcex_69e30fc46d0de{background:#00a99d;color:#ffffff!important;}.vcex-button.vcex_69e30fc46d0de:hover{background:#007c7c!important;}<\/style><div class=\"theme-button-wrap textcenter wpex-clr\"><a href=\"https:\/\/ais-info.org\/ca\/eduardo-valenciano\/\" class=\"vcex-button theme-button align-center inline vcex_69e30fc46d0de\"><span class=\"vcex-button-inner theme-button-inner wpex-flex wpex-flex-wrap wpex-items-center wpex-justify-center\">M\u00e9s informaci\u00f3<\/span><\/a><\/div> <div class=\"vcex-spacing wpex-w-100 wpex-clear\"><\/div>[\/vc_column][vc_column width=&#8221;1\/4&#8243; css=&#8221;.vc_custom_1571164620056{background-color: #f2f2f2 !important;}&#8221;][vc_single_image image=&#8221;1871&#8243; alignment=&#8221;center&#8221;]<div class=\"vcex-spacing wpex-w-100 wpex-clear\"><\/div>[vc_column_text responsive_text=&#8221;true&#8221; text_align=&#8221;center&#8221; font_family=&#8221;Exo&#8221;]\n<p style=\"text-align: center;\"><span style=\"font-size: 21px; color: #008080;\"><strong>Anna Sant\u00f3<br \/>\n<\/strong><\/span><\/p>\n[\/vc_column_text]<div class=\"vcex-module vcex-divider vcex-divider-solid vcex-divider-center wpex-mx-auto wpex-max-w-100 wpex-block wpex-h-0 wpex-border-b wpex-border-solid wpex-border-main\" style=\"width:20%;margin-block:20px;border-bottom-width:3px;border-color:#009595;\"><\/div>[vc_column_text]\n<p style=\"text-align: center;\">PSICOLOGIA GENERAL<\/p>\n[\/vc_column_text]<div class=\"vcex-spacing wpex-w-100 wpex-clear\" style=\"height:20px;\"><\/div>[vc_column_text css=&#8221;.vc_custom_1694606851326{padding-right: 15px !important;padding-bottom: 15px !important;padding-left: 15px !important;}&#8221;]\n<p style=\"text-align: center;\"><span style=\"font-size: 14px;\">Psic\u00f2loga especialitzada en addiccions, trastorns de la conducta aliment\u00e0ria i trastorns mentals severs. <\/span><\/p>\n[\/vc_column_text]<div class=\"vcex-spacing wpex-w-100 wpex-clear\"><\/div><style>.vcex-button.vcex_69e30fc46d90a{background:#00a99d;color:#ffffff!important;}.vcex-button.vcex_69e30fc46d90a:hover{background:#007c7c!important;}<\/style><div class=\"theme-button-wrap textcenter wpex-clr\"><a href=\"https:\/\/ais-info.org\/ca\/anna-santo\/\" class=\"vcex-button theme-button align-center inline vcex_69e30fc46d90a\"><span class=\"vcex-button-inner theme-button-inner wpex-flex wpex-flex-wrap wpex-items-center wpex-justify-center\">M\u00e9s informaci\u00f3<\/span><\/a><\/div> <div class=\"vcex-spacing wpex-w-100 wpex-clear\"><\/div>[\/vc_column][\/vc_row][vc_row full_width=&#8221;stretch_row&#8221; column_spacing=&#8221;0px&#8221; gap=&#8221;10&#8243; equal_height=&#8221;yes&#8221;][vc_column width=&#8221;1\/4&#8243; css=&#8221;.vc_custom_1562953041000{background-color: #f2f2f2 !important;background-position: center !important;background-repeat: no-repeat !important;background-size: cover !important;}&#8221;][vc_single_image image=&#8221;1873&#8243; alignment=&#8221;center&#8221;]<div class=\"vcex-spacing wpex-w-100 wpex-clear\"><\/div>[vc_column_text responsive_text=&#8221;true&#8221; text_align=&#8221;center&#8221; font_family=&#8221;Exo&#8221;]\n<p style=\"text-align: center;\"><span style=\"font-size: 21px;\"><strong><span style=\"color: #008080;\">Oscar Wu<\/span><br \/>\n<\/strong><\/span><\/p>\n[\/vc_column_text]<div class=\"vcex-module vcex-divider vcex-divider-solid vcex-divider-center wpex-mx-auto wpex-max-w-100 wpex-block wpex-h-0 wpex-border-b wpex-border-solid wpex-border-main\" style=\"width:20%;margin-block:20px;border-bottom-width:3px;border-color:#009595;\"><\/div>[vc_column_text]\n<p style=\"text-align: center;\">PSICOLOGIA GENERAL<\/p>\n[\/vc_column_text]<div class=\"vcex-spacing wpex-w-100 wpex-clear\" style=\"height:20px;\"><\/div>[vc_column_text css=&#8221;.vc_custom_1694607023331{padding-right: 15px !important;padding-bottom: 15px !important;padding-left: 15px !important;}&#8221;]\n<p style=\"text-align: center;\"><span style=\"font-size: 14px;\">Psic\u00f2leg especialitzat en addiccions conductuals.<\/span><\/p>\n[\/vc_column_text]<div class=\"vcex-spacing wpex-w-100 wpex-clear\"><\/div><style>.vcex-button.vcex_69e30fc46e106{background:#00a99d;color:#ffffff!important;}.vcex-button.vcex_69e30fc46e106:hover{background:#007c7c!important;}<\/style><div class=\"theme-button-wrap textcenter wpex-clr\"><a href=\"https:\/\/ais-info.org\/ca\/oscar-wu\/\" class=\"vcex-button theme-button align-center inline vcex_69e30fc46e106\"><span class=\"vcex-button-inner theme-button-inner wpex-flex wpex-flex-wrap wpex-items-center wpex-justify-center\">M\u00e9s informaci\u00f3<\/span><\/a><\/div> <div class=\"vcex-spacing wpex-w-100 wpex-clear\"><\/div>[\/vc_column][vc_column width=&#8221;1\/4&#8243;][\/vc_column][vc_column width=&#8221;1\/4&#8243;][\/vc_column][vc_column width=&#8221;1\/4&#8243;][\/vc_column][\/vc_row][vc_row full_width=&#8221;stretch_row&#8221;][vc_column]<div class=\"vcex-spacing wpex-w-100 wpex-clear\"><\/div>[\/vc_column][\/vc_row]\n<\/div>","protected":false},"excerpt":{"rendered":"<p>[vc_row visibility=&#8221;hidden-phone&#8221;][vc_column width=&#8221;5\/6&#8243;][vc_column_text color=&#8221;#0079bb&#8221;] Equip terap\u00e8utic [\/vc_column_text][vc_column_text]Som especialistes en el tractament i la prevenci\u00f3 d&#8217;addiccions comportamentals o socioaddiccions (addiccions sense subst\u00e0ncia) i els trastorns generats per relacions sect\u00e0ries i altres processos de manipulaci\u00f3 psicol\u00f2gica.[\/vc_column_text][\/vc_column][vc_column width=&#8221;1\/6&#8243;][\/vc_column][\/vc_row][vc_row visibility=&#8221;visible-phone&#8221;][vc_column width=&#8221;5\/6&#8243;][vc_column_text color=&#8221;#0079bb&#8221;] Equip terap\u00e8utic [\/vc_column_text][vc_column_text]Som especialistes en el tractament i la prevenci\u00f3 d&#8217;addiccions comportamentals o socioaddiccions (addiccions sense subst\u00e0ncia)&hellip;<\/p>\n","protected":false},"author":1,"featured_media":0,"parent":0,"menu_order":0,"comment_status":"closed","ping_status":"closed","template":"","meta":{"footnotes":""},"class_list":["post-892","page","type-page","status-publish","hentry","entry","no-media"],"_links":{"self":[{"href":"https:\/\/ais-info.org\/ca\/wp-json\/wp\/v2\/pages\/892","targetHints":{"allow":["GET"]}}],"collection":[{"href":"https:\/\/ais-info.org\/ca\/wp-json\/wp\/v2\/pages"}],"about":[{"href":"https:\/\/ais-info.org\/ca\/wp-json\/wp\/v2\/types\/page"}],"author":[{"embeddable":true,"href":"https:\/\/ais-info.org\/ca\/wp-json\/wp\/v2\/users\/1"}],"replies":[{"embeddable":true,"href":"https:\/\/ais-info.org\/ca\/wp-json\/wp\/v2\/comments?post=892"}],"version-history":[{"count":11,"href":"https:\/\/ais-info.org\/ca\/wp-json\/wp\/v2\/pages\/892\/revisions"}],"predecessor-version":[{"id":896,"href":"https:\/\/ais-info.org\/ca\/wp-json\/wp\/v2\/pages\/892\/revisions\/896"}],"wp:attachment":[{"href":"https:\/\/ais-info.org\/ca\/wp-json\/wp\/v2\/media?parent=892"}],"curies":[{"name":"wp","href":"https:\/\/api.w.org\/{rel}","templated":true}]}}