{"id":882,"date":"2019-07-11T17:18:30","date_gmt":"2019-07-11T15:18:30","guid":{"rendered":"http:\/\/ais-info.org\/nuestro-centro\/"},"modified":"2019-11-22T14:05:59","modified_gmt":"2019-11-22T13:05:59","slug":"el-nostre-centre","status":"publish","type":"page","link":"https:\/\/ais-info.org\/ca\/el-nostre-centre\/","title":{"rendered":"El nostre centre"},"content":{"rendered":"<div class=\"wpb-content-wrapper\">[vc_row visibility=&#8221;hidden-phone&#8221;][vc_column width=&#8221;5\/6&#8243;][vc_column_text color=&#8221;#0079bb&#8221;]\n<h2>El nostre<strong> centre<\/strong><\/h2>\n[\/vc_column_text]<div class=\"vcex-spacing wpex-w-100 wpex-clear\"><\/div>[vc_column_text]<span style=\"font-size: 18px;\">AIS \u00e9s un centre sanitari de salut mental reconegut segons resoluci\u00f3 de la Direcci\u00f3 General de Recursos Sanitaris (Registre E 08643160).<\/span>[\/vc_column_text][\/vc_column][vc_column width=&#8221;1\/6&#8243;][\/vc_column][\/vc_row][vc_row visibility=&#8221;visible-phone&#8221;][vc_column width=&#8221;5\/6&#8243;][vc_column_text color=&#8221;#0079bb&#8221;]\n<h3>El nostre<strong> centre<\/strong><\/h3>\n[\/vc_column_text]<div class=\"vcex-spacing wpex-w-100 wpex-clear\"><\/div>[vc_column_text]<span style=\"font-size: 18px;\">AIS \u00e9s un centre sanitari de salut mental reconegut segons resoluci\u00f3 de la Direcci\u00f3 General de Recursos Sanitaris (Registre E 08643160).<\/span>[\/vc_column_text][\/vc_column][vc_column width=&#8221;1\/6&#8243;][\/vc_column][\/vc_row][vc_row full_width=&#8221;stretch_row&#8221; equal_height=&#8221;yes&#8221; wpex_bg_overlay=&#8221;color&#8221; css=&#8221;.vc_custom_1571662464389{background-position: center !important;background-repeat: no-repeat !important;background-size: cover !important;}&#8221; wpex_bg_overlay_color=&#8221;#eaeaea&#8221; visibility=&#8221;hidden-phone&#8221;][vc_column width=&#8221;1\/2&#8243;]<div class=\"vcex-spacing wpex-w-100 wpex-clear\" style=\"height:50px;\"><\/div><style>.vcex-icon-box.vcex_69e30ffd8b155 .vcex-icon-box-heading{color:#009595;}.vcex-icon-box.vcex_69e30ffd8b155 .vcex-icon-box-icon{font-size:40px;color:#ffffff;background-color:#009595;border-radius:50%;}<\/style><div class=\"vcex-module vcex-icon-box vcex-icon-box-two wpex-block wpex-text-center vc_custom_1570808199421 vcex_69e30ffd8b155\"><div class=\"vcex-icon-box-symbol vcex-icon-box-symbol--icon wpex-mb-20\"><div class=\"vcex-icon-box-icon wpex-items-center wpex-justify-center wpex-child-inherit-color wpex-text-center wpex-leading-none wpex-inline-flex wpex-text-1 wpex-p-15\"><span class=\"wpex-flex wpex-icon\" aria-hidden=\"true\"><svg xmlns=\"http:\/\/www.w3.org\/2000\/svg\" viewBox=\"0 0 576 512\"><path d=\"M528 160V416c0 8.8-7.2 16-16 16H320c0-44.2-35.8-80-80-80H176c-44.2 0-80 35.8-80 80H64c-8.8 0-16-7.2-16-16V160H528zM64 32C28.7 32 0 60.7 0 96V416c0 35.3 28.7 64 64 64H512c35.3 0 64-28.7 64-64V96c0-35.3-28.7-64-64-64H64zM272 256a64 64 0 1 0 -128 0 64 64 0 1 0 128 0zm104-48c-13.3 0-24 10.7-24 24s10.7 24 24 24h80c13.3 0 24-10.7 24-24s-10.7-24-24-24H376zm0 96c-13.3 0-24 10.7-24 24s10.7 24 24 24h80c13.3 0 24-10.7 24-24s-10.7-24-24-24H376z\"\/><\/svg><\/span><\/div><\/div><div class=\"vcex-icon-box-text\"><h4 class=\"vcex-icon-box-heading wpex-heading wpex-text-md wpex-mb-10\">Unitat especialitzada<\/h4><div class=\"vcex-icon-box-content wpex-last-mb-0 wpex-clr\"><p style=\"text-align: center\"><span style=\"font-size: 18px\">Som una unitat especialitzada en el tractament i la prevenci\u00f3 d&#8217;addiccions comportamentals o socioaddiccions (addiccions sense subst\u00e0ncia) i els trastorns generats per relacions sect\u00e0ries i altres processos de manipulaci\u00f3 psicol\u00f2gica.<\/span><\/p>\n<\/div><\/div><\/div>[\/vc_column][vc_column width=&#8221;1\/2&#8243;]<div class=\"vcex-spacing wpex-w-100 wpex-clear\" style=\"height:50px;\"><\/div><style>.vcex-icon-box.vcex_69e30ffd8c45a .vcex-icon-box-heading{color:#009595;font-size:26px;}.vcex-icon-box.vcex_69e30ffd8c45a .vcex-icon-box-icon{font-size:40px;color:#ffffff;background-color:#009595;border-radius:50%;}<\/style><div class=\"vcex-module vcex-icon-box vcex-icon-box-two wpex-block wpex-text-center vc_custom_1574426822794 vcex_69e30ffd8c45a\"><div class=\"vcex-icon-box-symbol vcex-icon-box-symbol--icon wpex-mb-20\"><div class=\"vcex-icon-box-icon wpex-items-center wpex-justify-center wpex-child-inherit-color wpex-text-center wpex-leading-none wpex-inline-flex wpex-text-1 wpex-p-15\"><span class=\"wpex-flex wpex-icon\" aria-hidden=\"true\"><svg xmlns=\"http:\/\/www.w3.org\/2000\/svg\" viewBox=\"0 0 576 512\"><path d=\"M208 80c0-26.5 21.5-48 48-48h64c26.5 0 48 21.5 48 48v64c0 26.5-21.5 48-48 48h-8v40H464c30.9 0 56 25.1 56 56v32h8c26.5 0 48 21.5 48 48v64c0 26.5-21.5 48-48 48H464c-26.5 0-48-21.5-48-48V368c0-26.5 21.5-48 48-48h8V288c0-4.4-3.6-8-8-8H312v40h8c26.5 0 48 21.5 48 48v64c0 26.5-21.5 48-48 48H256c-26.5 0-48-21.5-48-48V368c0-26.5 21.5-48 48-48h8V280H112c-4.4 0-8 3.6-8 8v32h8c26.5 0 48 21.5 48 48v64c0 26.5-21.5 48-48 48H48c-26.5 0-48-21.5-48-48V368c0-26.5 21.5-48 48-48h8V288c0-30.9 25.1-56 56-56H264V192h-8c-26.5 0-48-21.5-48-48V80z\"\/><\/svg><\/span><\/div><\/div><div class=\"vcex-icon-box-text\"><h4 class=\"vcex-icon-box-heading wpex-heading wpex-mb-10\">Xarxa P\u00fablica de Salut Mental<\/h4><div class=\"vcex-icon-box-content wpex-last-mb-0 wpex-clr\"><p style=\"text-align: center\"><span style=\"font-size: 18px\">Actualment el nostre centre tamb\u00e9 forma part com a prove\u00efdor de la Xarxa p\u00fablica de Salut Mental i Addiccions de la Generalitat de Catalunya.<\/span><\/p>\n<p>&nbsp;<\/p>\n<\/div><\/div><\/div>[\/vc_column][\/vc_row][vc_row full_width=&#8221;stretch_row&#8221; equal_height=&#8221;yes&#8221; wpex_bg_overlay=&#8221;color&#8221; css=&#8221;.vc_custom_1571662474758{background-position: center !important;background-repeat: no-repeat !important;background-size: cover !important;}&#8221; wpex_bg_overlay_color=&#8221;#eaeaea&#8221; visibility=&#8221;visible-phone&#8221;][vc_column width=&#8221;1\/2&#8243;]<div class=\"vcex-spacing wpex-w-100 wpex-clear\" style=\"height:50px;\"><\/div><style>.vcex-icon-box.vcex_69e30ffd8ca12 .vcex-icon-box-heading{color:#009595;}.vcex-icon-box.vcex_69e30ffd8ca12 .vcex-icon-box-icon{font-size:40px;color:#ffffff;background-color:#009595;border-radius:50%;}<\/style><div class=\"vcex-module vcex-icon-box vcex-icon-box-two wpex-block wpex-text-center vc_custom_1571662610216 vcex_69e30ffd8ca12\"><div class=\"vcex-icon-box-symbol vcex-icon-box-symbol--icon wpex-mb-20\"><div class=\"vcex-icon-box-icon wpex-items-center wpex-justify-center wpex-child-inherit-color wpex-text-center wpex-leading-none wpex-inline-flex wpex-text-1 wpex-p-15\"><span class=\"wpex-flex wpex-icon\" aria-hidden=\"true\"><svg xmlns=\"http:\/\/www.w3.org\/2000\/svg\" viewBox=\"0 0 576 512\"><path d=\"M528 160V416c0 8.8-7.2 16-16 16H320c0-44.2-35.8-80-80-80H176c-44.2 0-80 35.8-80 80H64c-8.8 0-16-7.2-16-16V160H528zM64 32C28.7 32 0 60.7 0 96V416c0 35.3 28.7 64 64 64H512c35.3 0 64-28.7 64-64V96c0-35.3-28.7-64-64-64H64zM272 256a64 64 0 1 0 -128 0 64 64 0 1 0 128 0zm104-48c-13.3 0-24 10.7-24 24s10.7 24 24 24h80c13.3 0 24-10.7 24-24s-10.7-24-24-24H376zm0 96c-13.3 0-24 10.7-24 24s10.7 24 24 24h80c13.3 0 24-10.7 24-24s-10.7-24-24-24H376z\"\/><\/svg><\/span><\/div><\/div><div class=\"vcex-icon-box-text\"><h4 class=\"vcex-icon-box-heading wpex-heading wpex-text-md wpex-mb-10\">Unitat especialitzada<\/h4><div class=\"vcex-icon-box-content wpex-last-mb-0 wpex-clr\"><p style=\"text-align: center\"><span style=\"font-size: 18px\">Som una unitat especialitzada en el tractament i la prevenci\u00f3 d&#8217;addiccions comportamentals o socioaddiccions (addiccions sense subst\u00e0ncia) i els trastorns generats per relacions sect\u00e0ries i altres processos de manipulaci\u00f3 psicol\u00f2gica.<\/span><\/p>\n<\/div><\/div><\/div>[\/vc_column][vc_column width=&#8221;1\/2&#8243;]<div class=\"vcex-spacing wpex-w-100 wpex-clear\" style=\"height:50px;\"><\/div><style>.vcex-icon-box.vcex_69e30ffd8cfc0 .vcex-icon-box-heading{color:#009595;}.vcex-icon-box.vcex_69e30ffd8cfc0 .vcex-icon-box-icon{font-size:40px;color:#ffffff;background-color:#009595;border-radius:50%;}<\/style><div class=\"vcex-module vcex-icon-box vcex-icon-box-two wpex-block wpex-text-center vc_custom_1571662625156 vcex_69e30ffd8cfc0\"><div class=\"vcex-icon-box-symbol vcex-icon-box-symbol--icon wpex-mb-20\"><div class=\"vcex-icon-box-icon wpex-items-center wpex-justify-center wpex-child-inherit-color wpex-text-center wpex-leading-none wpex-inline-flex wpex-text-1 wpex-p-15\"><span class=\"wpex-flex wpex-icon\" aria-hidden=\"true\"><svg xmlns=\"http:\/\/www.w3.org\/2000\/svg\" viewBox=\"0 0 576 512\"><path d=\"M208 80c0-26.5 21.5-48 48-48h64c26.5 0 48 21.5 48 48v64c0 26.5-21.5 48-48 48h-8v40H464c30.9 0 56 25.1 56 56v32h8c26.5 0 48 21.5 48 48v64c0 26.5-21.5 48-48 48H464c-26.5 0-48-21.5-48-48V368c0-26.5 21.5-48 48-48h8V288c0-4.4-3.6-8-8-8H312v40h8c26.5 0 48 21.5 48 48v64c0 26.5-21.5 48-48 48H256c-26.5 0-48-21.5-48-48V368c0-26.5 21.5-48 48-48h8V280H112c-4.4 0-8 3.6-8 8v32h8c26.5 0 48 21.5 48 48v64c0 26.5-21.5 48-48 48H48c-26.5 0-48-21.5-48-48V368c0-26.5 21.5-48 48-48h8V288c0-30.9 25.1-56 56-56H264V192h-8c-26.5 0-48-21.5-48-48V80z\"\/><\/svg><\/span><\/div><\/div><div class=\"vcex-icon-box-text\"><h4 class=\"vcex-icon-box-heading wpex-heading wpex-text-md wpex-mb-10\">Xarxa P\u00fablica de Salut Mental<\/h4><div class=\"vcex-icon-box-content wpex-last-mb-0 wpex-clr\"><p style=\"text-align: center\"><span style=\"font-size: 18px\">Actualment el nostre centre tamb\u00e9 forma part com a prove\u00efdor de la Xarxa p\u00fablica de Salut Mental i Addiccions de la Generalitat de Catalunya.<br \/>\n<span class=\"white-text\">Nuestro centro tambi\u00e9n forma parte como proveedor de la Red p\u00fablica de Salud Mental.<\/span><\/span><\/p>\n<\/div><\/div><\/div>[\/vc_column][\/vc_row]\n<\/div>","protected":false},"excerpt":{"rendered":"<p>[vc_row visibility=&#8221;hidden-phone&#8221;][vc_column width=&#8221;5\/6&#8243;][vc_column_text color=&#8221;#0079bb&#8221;] El nostre centre [\/vc_column_text][vc_column_text]AIS \u00e9s un centre sanitari de salut mental reconegut segons resoluci\u00f3 de la Direcci\u00f3 General de Recursos Sanitaris (Registre E 08643160).[\/vc_column_text][\/vc_column][vc_column width=&#8221;1\/6&#8243;][\/vc_column][\/vc_row][vc_row visibility=&#8221;visible-phone&#8221;][vc_column width=&#8221;5\/6&#8243;][vc_column_text color=&#8221;#0079bb&#8221;] El nostre centre [\/vc_column_text][vc_column_text]AIS \u00e9s un centre sanitari de salut mental reconegut segons resoluci\u00f3 de la Direcci\u00f3 General de Recursos Sanitaris (Registre E&hellip;<\/p>\n","protected":false},"author":1,"featured_media":0,"parent":0,"menu_order":0,"comment_status":"closed","ping_status":"closed","template":"","meta":{"footnotes":""},"class_list":["post-882","page","type-page","status-publish","hentry","entry","no-media"],"_links":{"self":[{"href":"https:\/\/ais-info.org\/ca\/wp-json\/wp\/v2\/pages\/882","targetHints":{"allow":["GET"]}}],"collection":[{"href":"https:\/\/ais-info.org\/ca\/wp-json\/wp\/v2\/pages"}],"about":[{"href":"https:\/\/ais-info.org\/ca\/wp-json\/wp\/v2\/types\/page"}],"author":[{"embeddable":true,"href":"https:\/\/ais-info.org\/ca\/wp-json\/wp\/v2\/users\/1"}],"replies":[{"embeddable":true,"href":"https:\/\/ais-info.org\/ca\/wp-json\/wp\/v2\/comments?post=882"}],"version-history":[{"count":4,"href":"https:\/\/ais-info.org\/ca\/wp-json\/wp\/v2\/pages\/882\/revisions"}],"predecessor-version":[{"id":891,"href":"https:\/\/ais-info.org\/ca\/wp-json\/wp\/v2\/pages\/882\/revisions\/891"}],"wp:attachment":[{"href":"https:\/\/ais-info.org\/ca\/wp-json\/wp\/v2\/media?parent=882"}],"curies":[{"name":"wp","href":"https:\/\/api.w.org\/{rel}","templated":true}]}}