{"id":857,"date":"2019-10-22T18:17:04","date_gmt":"2019-10-22T16:17:04","guid":{"rendered":"http:\/\/ais-info.org\/vega-gonzalez\/"},"modified":"2025-01-30T16:24:15","modified_gmt":"2025-01-30T15:24:15","slug":"vega-gonzalez","status":"publish","type":"page","link":"https:\/\/ais-info.org\/ca\/vega-gonzalez\/","title":{"rendered":"Vega Gonz\u00e1lez"},"content":{"rendered":"<div class=\"wpb-content-wrapper\">[vc_row visibility=&#8221;hidden-phone&#8221;][vc_column]<div class=\"vcex-spacing wpex-w-100 wpex-clear\"><\/div>[\/vc_column][\/vc_row][vc_row content_placement=&#8221;middle&#8221; column_spacing=&#8221;50&#8243;][vc_column width=&#8221;1\/4&#8243;][vc_single_image image=&#8221;1142&#8243; style=&#8221;vc_box_outline&#8221;][\/vc_column][vc_column width=&#8221;3\/4&#8243;][vc_column_text]\n<h3>Vega <span style=\"color: #008080;\">Gonz\u00e1lez<strong><br \/>\n<\/strong><\/span><\/h3>\n[\/vc_column_text][vc_column_text]<span style=\"font-size: 24px;\">Directora\/Gerent d&#8217;AIS<br \/>\nPsic\u00f2loga Especialista en Psicologia Cl\u00ednica (UB)<\/span>[\/vc_column_text][\/vc_column][\/vc_row][vc_row][vc_column][vc_column_text css=&#8221;&#8221;]<span style=\"font-size: 18px; color: #008080;\">Traject\u00f2ria acad\u00e8mica<\/span><\/p>\n<p>Doctora en Psicologia(UB). Llicenciada en Psicologia i graduada en Infermeria (UB).<br \/>\nPostgrau en Direcci\u00f3 i Gesti\u00f3 de Centres Sociosanitaris i d\u2019Atenci\u00f3 a Persones Dependents (Fundaci\u00f3 Uni\u00f3 \u2013 UM).<\/p>\n<p><span style=\"font-size: 18px; color: #008080;\">Experi\u00e8ncia laboral<br \/>\n<\/span><\/p>\n<p>Experta en addiccions comportamentals, drogodepend\u00e8ncies i salut mental. \u00c0mplia experi\u00e8ncia en l&#8217;abordatge dels problemes generats per la manipulaci\u00f3 psicol\u00f2gica i la depend\u00e8ncia emocional.<\/p>\n<p><span style=\"color: #008080; font-size: 18px;\">Activitat docent<\/span><\/p>\n<p>Directora i docent del Postgrau d&#8217;Addiccions Comportamentals i Manipulaci\u00f3 Psicol\u00f2gica (IL3-UB).<br \/>\nDocent del Postgrau de Addicci\u00f3 al joc i altres addiccions comportamentals (UV).<br \/>\nProfessora del M\u00e0ster en Sexologia Cl\u00ednica i Salut Sexual. (UdG).<br \/>\nProfessora \/ Tutora del M\u00e0ster de Drogodepend\u00e8ncies (UB).<\/p>\n<p><span style=\"color: #008080; font-size: 18px;\">Activitats relacionades amb la investigaci\u00f3 i les publicacions<\/span><\/p>\n<p>Activitats relacionades amb la investigaci\u00f3 i les publicacions.<br \/>\nMembre del Consell de Redacci\u00f3 de la revista <em>Psicosom\u00e0tica i Psiquiatria<\/em>.<br \/>\nHa gestionat i coordinat diversos projectes de recerca i ha publicat articles cient\u00edfics en revistes nacionals i internacionals.[\/vc_column_text]<div class=\"vcex-spacing wpex-w-100 wpex-clear\" style=\"height:50px;\"><\/div><style>.vcex-button.vcex_69e3290e0ae13{border-radius:20px;background:#12c5c3;color:#ffffff!important;}.vcex-button.vcex_69e3290e0ae13:hover{background:#009595!important;}<\/style><div class=\"theme-button-wrap theme-button-block-wrap wpex-block wpex-clear wpex-clr\"><a href=\"https:\/\/ais-info.org\/ca\/equip-terapeutic\/\" class=\"vcex-button theme-button medium align-left block vcex_69e3290e0ae13\"><span class=\"vcex-button-inner theme-button-inner wpex-flex wpex-flex-wrap wpex-items-center wpex-justify-center\">Tornar a Equip<\/span><\/a><\/div> [\/vc_column][\/vc_row][vc_row][vc_column][\/vc_column][\/vc_row]\n<\/div>","protected":false},"excerpt":{"rendered":"<p>[vc_row visibility=&#8221;hidden-phone&#8221;][vc_column][\/vc_column][\/vc_row][vc_row content_placement=&#8221;middle&#8221; column_spacing=&#8221;50&#8243;][vc_column width=&#8221;1\/4&#8243;][vc_single_image image=&#8221;1142&#8243; style=&#8221;vc_box_outline&#8221;][\/vc_column][vc_column width=&#8221;3\/4&#8243;][vc_column_text] Vega Gonz\u00e1lez [\/vc_column_text][vc_column_text]Directora\/Gerent d&#8217;AIS Psic\u00f2loga Especialista en Psicologia Cl\u00ednica (UB)[\/vc_column_text][\/vc_column][\/vc_row][vc_row][vc_column][vc_column_text css=&#8221;&#8221;]Traject\u00f2ria acad\u00e8mica Doctora en Psicologia(UB). Llicenciada en Psicologia i graduada en Infermeria (UB). Postgrau en Direcci\u00f3 i Gesti\u00f3 de Centres Sociosanitaris i d\u2019Atenci\u00f3 a Persones Dependents (Fundaci\u00f3 Uni\u00f3 \u2013 UM). Experi\u00e8ncia laboral Experta en addiccions comportamentals, drogodepend\u00e8ncies&hellip;<\/p>\n","protected":false},"author":1,"featured_media":0,"parent":0,"menu_order":0,"comment_status":"closed","ping_status":"closed","template":"","meta":{"footnotes":""},"class_list":["post-857","page","type-page","status-publish","hentry","entry","no-media"],"_links":{"self":[{"href":"https:\/\/ais-info.org\/ca\/wp-json\/wp\/v2\/pages\/857","targetHints":{"allow":["GET"]}}],"collection":[{"href":"https:\/\/ais-info.org\/ca\/wp-json\/wp\/v2\/pages"}],"about":[{"href":"https:\/\/ais-info.org\/ca\/wp-json\/wp\/v2\/types\/page"}],"author":[{"embeddable":true,"href":"https:\/\/ais-info.org\/ca\/wp-json\/wp\/v2\/users\/1"}],"replies":[{"embeddable":true,"href":"https:\/\/ais-info.org\/ca\/wp-json\/wp\/v2\/comments?post=857"}],"version-history":[{"count":10,"href":"https:\/\/ais-info.org\/ca\/wp-json\/wp\/v2\/pages\/857\/revisions"}],"predecessor-version":[{"id":2247,"href":"https:\/\/ais-info.org\/ca\/wp-json\/wp\/v2\/pages\/857\/revisions\/2247"}],"wp:attachment":[{"href":"https:\/\/ais-info.org\/ca\/wp-json\/wp\/v2\/media?parent=857"}],"curies":[{"name":"wp","href":"https:\/\/api.w.org\/{rel}","templated":true}]}}