{"id":1875,"date":"2023-09-13T13:32:54","date_gmt":"2023-09-13T11:32:54","guid":{"rendered":"https:\/\/ais-info.org\/anna-santo\/"},"modified":"2023-09-13T14:19:05","modified_gmt":"2023-09-13T12:19:05","slug":"anna-santo","status":"publish","type":"page","link":"https:\/\/ais-info.org\/ca\/anna-santo\/","title":{"rendered":"Anna Sant\u00f3"},"content":{"rendered":"<div class=\"wpb-content-wrapper\">[vc_row visibility=&#8221;hidden-phone&#8221;][vc_column]<div class=\"vcex-spacing wpex-w-100 wpex-clear\"><\/div>[\/vc_column][\/vc_row][vc_row content_placement=&#8221;middle&#8221; column_spacing=&#8221;50&#8243;][vc_column width=&#8221;1\/4&#8243;][vc_single_image image=&#8221;1871&#8243; style=&#8221;vc_box_outline&#8221;][\/vc_column][vc_column width=&#8221;3\/4&#8243;][vc_column_text]\n<h3>Anna <span style=\"color: #008080;\"><strong>Sant\u00f3<br \/>\n<\/strong><\/span><\/h3>\n[\/vc_column_text][vc_column_text]<span style=\"font-size: 24px;\">Psic\u00f2loga<br \/>\n<\/span>[\/vc_column_text][\/vc_column][\/vc_row][vc_row][vc_column][vc_column_text]<span style=\"font-size: 18px; color: #008080;\">Traject\u00f2ria acad\u00e8mica<\/span><\/p>\n<p>M\u00e0ster en Drogodepend\u00e8ncies (UB), Postgrau en Psicooncologia (ISEP), M\u00e0ster Sanitari en Psicologia de la Salut.<\/p>\n<p><span style=\"font-size: 18px; color: #008080;\">Experi\u00e8ncia laboral<\/span><\/p>\n<p>Psic\u00f2loga especialitzada en addiccions. M\u00e9s de 20 anys amb experi\u00e8ncia cl\u00ednica relacionada amb addiccions, trastorns de la conducta aliment\u00e0ria i trastorns mentals severs<\/p>\n<p><span style=\"color: #008080; font-size: 18px;\">Activitat docent<\/span><\/p>\n<p>Tutora del M\u00e0ster de Drogodepend\u00e8ncies de la UB.<\/p>\n<p><span style=\"color: #008080; font-size: 18px;\">Activitats relacionades amb la investigaci\u00f3<\/span><\/p>\n<p>Investigacions i presentacions en diferents congressos relacionats amb la viol\u00e8ncia masclista, addiccions o trastorns de la conducta aliment\u00e0ria.[\/vc_column_text]<div class=\"vcex-spacing wpex-w-100 wpex-clear\" style=\"height:50px;\"><\/div><style>.vcex-button.vcex_69e3406fa7866{border-radius:20px;background:#12c5c3;color:#ffffff!important;}.vcex-button.vcex_69e3406fa7866:hover{background:#009595!important;}<\/style><div class=\"theme-button-wrap theme-button-block-wrap wpex-block wpex-clear wpex-clr\"><a href=\"https:\/\/ais-info.org\/ca\/equip-terapeutic\/\" class=\"vcex-button theme-button medium align-left block vcex_69e3406fa7866\"><span class=\"vcex-button-inner theme-button-inner wpex-flex wpex-flex-wrap wpex-items-center wpex-justify-center\">Tornar a Equip<\/span><\/a><\/div> [\/vc_column][\/vc_row][vc_row][vc_column][\/vc_column][\/vc_row]\n<\/div>","protected":false},"excerpt":{"rendered":"<p>[vc_row visibility=&#8221;hidden-phone&#8221;][vc_column][\/vc_column][\/vc_row][vc_row content_placement=&#8221;middle&#8221; column_spacing=&#8221;50&#8243;][vc_column width=&#8221;1\/4&#8243;][vc_single_image image=&#8221;1871&#8243; style=&#8221;vc_box_outline&#8221;][\/vc_column][vc_column width=&#8221;3\/4&#8243;][vc_column_text] Anna Sant\u00f3 [\/vc_column_text][vc_column_text]Psic\u00f2loga [\/vc_column_text][\/vc_column][\/vc_row][vc_row][vc_column][vc_column_text]Traject\u00f2ria acad\u00e8mica M\u00e0ster en Drogodepend\u00e8ncies (UB), Postgrau en Psicooncologia (ISEP), M\u00e0ster Sanitari en Psicologia de la Salut. Experi\u00e8ncia laboral Psic\u00f2loga especialitzada en addiccions. M\u00e9s de 20 anys amb experi\u00e8ncia cl\u00ednica relacionada amb addiccions, trastorns de la conducta aliment\u00e0ria i trastorns mentals severs Activitat docent&hellip;<\/p>\n","protected":false},"author":1,"featured_media":0,"parent":0,"menu_order":0,"comment_status":"closed","ping_status":"closed","template":"","meta":{"footnotes":""},"class_list":["post-1875","page","type-page","status-publish","hentry","entry","no-media"],"_links":{"self":[{"href":"https:\/\/ais-info.org\/ca\/wp-json\/wp\/v2\/pages\/1875","targetHints":{"allow":["GET"]}}],"collection":[{"href":"https:\/\/ais-info.org\/ca\/wp-json\/wp\/v2\/pages"}],"about":[{"href":"https:\/\/ais-info.org\/ca\/wp-json\/wp\/v2\/types\/page"}],"author":[{"embeddable":true,"href":"https:\/\/ais-info.org\/ca\/wp-json\/wp\/v2\/users\/1"}],"replies":[{"embeddable":true,"href":"https:\/\/ais-info.org\/ca\/wp-json\/wp\/v2\/comments?post=1875"}],"version-history":[{"count":7,"href":"https:\/\/ais-info.org\/ca\/wp-json\/wp\/v2\/pages\/1875\/revisions"}],"predecessor-version":[{"id":1897,"href":"https:\/\/ais-info.org\/ca\/wp-json\/wp\/v2\/pages\/1875\/revisions\/1897"}],"wp:attachment":[{"href":"https:\/\/ais-info.org\/ca\/wp-json\/wp\/v2\/media?parent=1875"}],"curies":[{"name":"wp","href":"https:\/\/api.w.org\/{rel}","templated":true}]}}