{"id":1707,"date":"2022-10-17T11:16:57","date_gmt":"2022-10-17T09:16:57","guid":{"rendered":"http:\/\/ais-info.org\/eduardo-valenciano\/"},"modified":"2022-10-17T11:23:50","modified_gmt":"2022-10-17T09:23:50","slug":"eduardo-valenciano","status":"publish","type":"page","link":"https:\/\/ais-info.org\/ca\/eduardo-valenciano\/","title":{"rendered":"Eduardo Valenciano"},"content":{"rendered":"<div class=\"wpb-content-wrapper\">[vc_row visibility=&#8221;hidden-phone&#8221;][vc_column]<div class=\"vcex-spacing wpex-w-100 wpex-clear\"><\/div>[\/vc_column][\/vc_row][vc_row content_placement=&#8221;middle&#8221; column_spacing=&#8221;50&#8243;][vc_column width=&#8221;1\/4&#8243;][vc_single_image image=&#8221;1702&#8243; style=&#8221;vc_box_outline&#8221;][\/vc_column][vc_column width=&#8221;3\/4&#8243;][vc_column_text]\n<h3>Eduardo <span style=\"color: #008080;\"><strong>Valenciano<br \/>\n<\/strong><\/span><\/h3>\n[\/vc_column_text][vc_column_text]<span style=\"font-size: 24px;\">Psic\u00f2leg<\/span>[\/vc_column_text][\/vc_column][\/vc_row][vc_row][vc_column][vc_column_text]<span style=\"font-size: 18px; color: #008080;\">Traject\u00f2ria acad\u00e8mica<\/span><\/p>\n<p>Doctor en psicologia (UB). M\u00e0ster en Psicologia General Sanitaria (UB) i M\u00e0ster de Investigaci\u00f3 en Sociologia i Demografia per la (UPF). Llicenciat en Psicologia i Sociologia (UAB).<\/p>\n<p><span style=\"font-size: 18px; color: #008080;\">Experi\u00e8ncia laboral<\/span><\/p>\n<p>Psic\u00f2leg especialitzat en addiccions comportamentals i en trastorns de la conducta alimentaria. Ha col\u00b7laborat amb diferents centres de la xarxa p\u00fablica de salut mental i addiccions.<\/p>\n<p><span style=\"color: #008080; font-size: 18px;\">Activitat docent<\/span><\/p>\n<p>Col\u00b7laborador docent en m\u00e0ster universitari impartint doc\u00e8ncia sobre avaluaci\u00f3 i tractament en addiccions comportamentals. Ha impartit xerrades i conferencies relacionades amb aquesta mateixa tem\u00e0tica.<\/p>\n<p><span style=\"color: #008080; font-size: 18px;\">Activitat investigadora<\/span><\/p>\n<p>Ha publicat diversos articles en revistes internacionals de psicologia cl\u00ednica i psiquiatria. Ha participat en projectes i congressos nacionals i internacionals relacionats amb les addiccions comportamentals.[\/vc_column_text]<div class=\"vcex-spacing wpex-w-100 wpex-clear\" style=\"height:50px;\"><\/div><style>.vcex-button.vcex_69e32ee98e341{border-radius:20px;background:#12c5c3;color:#ffffff!important;}.vcex-button.vcex_69e32ee98e341:hover{background:#009595!important;}<\/style><div class=\"theme-button-wrap theme-button-block-wrap wpex-block wpex-clear wpex-clr\"><a href=\"https:\/\/ais-info.org\/equipo-terapeutico\/\" class=\"vcex-button theme-button medium align-left block vcex_69e32ee98e341\"><span class=\"vcex-button-inner theme-button-inner wpex-flex wpex-flex-wrap wpex-items-center wpex-justify-center\">Tornar a Equip<\/span><\/a><\/div> [\/vc_column][\/vc_row][vc_row][vc_column][\/vc_column][\/vc_row]\n<\/div>","protected":false},"excerpt":{"rendered":"<p>[vc_row visibility=&#8221;hidden-phone&#8221;][vc_column][\/vc_column][\/vc_row][vc_row content_placement=&#8221;middle&#8221; column_spacing=&#8221;50&#8243;][vc_column width=&#8221;1\/4&#8243;][vc_single_image image=&#8221;1702&#8243; style=&#8221;vc_box_outline&#8221;][\/vc_column][vc_column width=&#8221;3\/4&#8243;][vc_column_text] Eduardo Valenciano [\/vc_column_text][vc_column_text]Psic\u00f2leg[\/vc_column_text][\/vc_column][\/vc_row][vc_row][vc_column][vc_column_text]Traject\u00f2ria acad\u00e8mica Doctor en psicologia (UB). M\u00e0ster en Psicologia General Sanitaria (UB) i M\u00e0ster de Investigaci\u00f3 en Sociologia i Demografia per la (UPF). Llicenciat en Psicologia i Sociologia (UAB). Experi\u00e8ncia laboral Psic\u00f2leg especialitzat en addiccions comportamentals i en trastorns de la conducta alimentaria. Ha col\u00b7laborat&hellip;<\/p>\n","protected":false},"author":1,"featured_media":0,"parent":0,"menu_order":0,"comment_status":"closed","ping_status":"closed","template":"","meta":{"footnotes":""},"class_list":["post-1707","page","type-page","status-publish","hentry","entry","no-media"],"_links":{"self":[{"href":"https:\/\/ais-info.org\/ca\/wp-json\/wp\/v2\/pages\/1707","targetHints":{"allow":["GET"]}}],"collection":[{"href":"https:\/\/ais-info.org\/ca\/wp-json\/wp\/v2\/pages"}],"about":[{"href":"https:\/\/ais-info.org\/ca\/wp-json\/wp\/v2\/types\/page"}],"author":[{"embeddable":true,"href":"https:\/\/ais-info.org\/ca\/wp-json\/wp\/v2\/users\/1"}],"replies":[{"embeddable":true,"href":"https:\/\/ais-info.org\/ca\/wp-json\/wp\/v2\/comments?post=1707"}],"version-history":[{"count":4,"href":"https:\/\/ais-info.org\/ca\/wp-json\/wp\/v2\/pages\/1707\/revisions"}],"predecessor-version":[{"id":1711,"href":"https:\/\/ais-info.org\/ca\/wp-json\/wp\/v2\/pages\/1707\/revisions\/1711"}],"wp:attachment":[{"href":"https:\/\/ais-info.org\/ca\/wp-json\/wp\/v2\/media?parent=1707"}],"curies":[{"name":"wp","href":"https:\/\/api.w.org\/{rel}","templated":true}]}}